{"id":795,"date":"2024-11-25T12:20:00","date_gmt":"2024-11-25T11:20:00","guid":{"rendered":"https:\/\/www.santjosepesfoto.com\/?page_id=795"},"modified":"2024-12-01T11:19:43","modified_gmt":"2024-12-01T10:19:43","slug":"joana-duenas","status":"publish","type":"page","link":"https:\/\/www.santjosepesfoto.com\/ca\/exposicions\/joana-duenas\/","title":{"rendered":"Joana Due\u00f1as"},"content":{"rendered":"[vc_row type=&#8221;in_container&#8221; full_screen_row_position=&#8221;middle&#8221; column_margin=&#8221;default&#8221; column_direction=&#8221;default&#8221; column_direction_tablet=&#8221;default&#8221; column_direction_phone=&#8221;default&#8221; scene_position=&#8221;center&#8221; text_color=&#8221;dark&#8221; text_align=&#8221;left&#8221; row_border_radius=&#8221;none&#8221; row_border_radius_applies=&#8221;bg&#8221; overflow=&#8221;visible&#8221; id=&#8221;toppag&#8221; overlay_strength=&#8221;0.3&#8243; gradient_direction=&#8221;left_to_right&#8221; shape_divider_position=&#8221;bottom&#8221; bg_image_animation=&#8221;none&#8221; gradient_type=&#8221;default&#8221; shape_type=&#8221;&#8221;][vc_column column_padding=&#8221;no-extra-padding&#8221; column_padding_tablet=&#8221;inherit&#8221; column_padding_phone=&#8221;inherit&#8221; column_padding_position=&#8221;all&#8221; column_element_direction_desktop=&#8221;default&#8221; column_element_spacing=&#8221;default&#8221; desktop_text_alignment=&#8221;default&#8221; tablet_text_alignment=&#8221;default&#8221; phone_text_alignment=&#8221;default&#8221; background_color_opacity=&#8221;1&#8243; background_hover_color_opacity=&#8221;1&#8243; column_backdrop_filter=&#8221;none&#8221; column_shadow=&#8221;none&#8221; column_border_radius=&#8221;none&#8221; column_link_target=&#8221;_self&#8221; column_position=&#8221;default&#8221; gradient_direction=&#8221;left_to_right&#8221; overlay_strength=&#8221;0.3&#8243; width=&#8221;1\/1&#8243; tablet_width_inherit=&#8221;default&#8221; animation_type=&#8221;default&#8221; bg_image_animation=&#8221;none&#8221; border_type=&#8221;advanced&#8221; border_bottom_desktop=&#8221;1&#8243; column_border_color=&#8221;#000000&#8243; column_border_style=&#8221;solid&#8221; column_padding_type=&#8221;default&#8221; gradient_type=&#8221;default&#8221;][vc_custom_heading source=&#8221;post_title&#8221; font_container=&#8221;tag:h1|text_align:left&#8221; use_theme_fonts=&#8221;yes&#8221; css=&#8221;&#8221;][vc_column_text css=&#8221;&#8221; text_direction=&#8221;default&#8221;]Inauguraci\u00f3 2 d&#8217;abril<br \/>\nDel 2 d\u2019abril al 27 d\u2019abril 2025[\/vc_column_text][vc_custom_heading text=&#8221;Sala d\u00b4exposicions Can Curt. Sant Agust\u00ed des Vedr\u00e0&#8221; use_theme_fonts=&#8221;yes&#8221; css=&#8221;&#8221;][\/vc_column][\/vc_row][vc_row type=&#8221;in_container&#8221; full_screen_row_position=&#8221;middle&#8221; column_margin=&#8221;default&#8221; column_direction=&#8221;default&#8221; column_direction_tablet=&#8221;default&#8221; column_direction_phone=&#8221;default&#8221; scene_position=&#8221;center&#8221; text_color=&#8221;dark&#8221; text_align=&#8221;left&#8221; row_border_radius=&#8221;none&#8221; row_border_radius_applies=&#8221;bg&#8221; overflow=&#8221;visible&#8221; overlay_strength=&#8221;0.3&#8243; gradient_direction=&#8221;left_to_right&#8221; shape_divider_position=&#8221;bottom&#8221; bg_image_animation=&#8221;none&#8221;][vc_column column_padding=&#8221;no-extra-padding&#8221; column_padding_tablet=&#8221;inherit&#8221; column_padding_phone=&#8221;inherit&#8221; column_padding_position=&#8221;all&#8221; column_element_direction_desktop=&#8221;default&#8221; column_element_spacing=&#8221;default&#8221; desktop_text_alignment=&#8221;default&#8221; tablet_text_alignment=&#8221;default&#8221; phone_text_alignment=&#8221;default&#8221; background_color_opacity=&#8221;1&#8243; background_hover_color_opacity=&#8221;1&#8243; column_backdrop_filter=&#8221;none&#8221; column_shadow=&#8221;none&#8221; column_border_radius=&#8221;none&#8221; column_link_target=&#8221;_self&#8221; column_position=&#8221;default&#8221; gradient_direction=&#8221;left_to_right&#8221; overlay_strength=&#8221;0.3&#8243; width=&#8221;1\/1&#8243; tablet_width_inherit=&#8221;default&#8221; animation_type=&#8221;default&#8221; bg_image_animation=&#8221;none&#8221; border_type=&#8221;simple&#8221; column_border_width=&#8221;none&#8221; column_border_style=&#8221;solid&#8221;][vc_column_text css=&#8221;&#8221; text_direction=&#8221;default&#8221;]<strong>La fotografia de viatge ocupa el centre d\u2019aquesta captivadora exposici\u00f3 de Joana Due\u00f1as, una artista que ens convida a rec\u00f3rrer el m\u00f3n a trav\u00e9s de la seva lent. Cada imatge \u00e9s una finestra de la fauna que observa amb respecte, els racons que descobreix amb curiositat i l&#8217;ess\u00e8ncia d&#8217;Eivissa, capturada amb amor i sensibilitat. A m\u00e9s, aquesta mostra inclou una picada d&#8217;ullet als seus primers passos a la fotografia, un tribut als inicis que van forjar el seu estil \u00fanic i la seva passi\u00f3 inesgotable.<\/strong>[\/vc_column_text][vc_column_text css=&#8221;&#8221; text_direction=&#8221;default&#8221;]Sobre l&#8217;exposici\u00f3:<\/p>\n<p>Cada viatge, retratat a trav\u00e9s de la lent de la c\u00e0mera com a companya inseparable, es converteix en una invitaci\u00f3 a aturar-se, absorbir cada rac\u00f3 de l&#8217;entorn i capturar instants que narren les seves pr\u00f2pies hist\u00f2ries. Les imatges d\u2019aquesta exposici\u00f3 reflecteixen aquesta connexi\u00f3 \u00edntima amb el moment, una forma d\u2019a\u00efllar-se del soroll quotidi\u00e0 i aprofundir en les emocions, creant un di\u00e0leg silenci\u00f3s entre el paisatge, l\u2019instant i l\u2019\u00e0nima de l\u2019espectador.[\/vc_column_text][vc_column_text css=&#8221;&#8221; text_direction=&#8221;default&#8221;]Sobre la fot\u00f2grafa:[\/vc_column_text][vc_row_inner column_margin=&#8221;default&#8221; column_direction=&#8221;default&#8221; column_direction_tablet=&#8221;default&#8221; column_direction_phone=&#8221;default&#8221; text_align=&#8221;left&#8221; row_position=&#8221;default&#8221; row_position_tablet=&#8221;inherit&#8221; row_position_phone=&#8221;inherit&#8221; overflow=&#8221;visible&#8221; pointer_events=&#8221;all&#8221; class=&#8221;lineabio&#8221;][vc_column_inner column_padding=&#8221;no-extra-padding&#8221; column_padding_tablet=&#8221;inherit&#8221; column_padding_phone=&#8221;inherit&#8221; column_padding_position=&#8221;all&#8221; column_element_direction_desktop=&#8221;default&#8221; column_element_spacing=&#8221;default&#8221; desktop_text_alignment=&#8221;default&#8221; tablet_text_alignment=&#8221;default&#8221; phone_text_alignment=&#8221;default&#8221; background_color_opacity=&#8221;1&#8243; background_hover_color_opacity=&#8221;1&#8243; column_backdrop_filter=&#8221;none&#8221; column_shadow=&#8221;none&#8221; column_border_radius=&#8221;none&#8221; column_link_target=&#8221;_self&#8221; overflow=&#8221;visible&#8221; gradient_direction=&#8221;left_to_right&#8221; overlay_strength=&#8221;0.3&#8243; width=&#8221;2\/3&#8243; tablet_width_inherit=&#8221;small_desktop&#8221; animation_type=&#8221;default&#8221; bg_image_animation=&#8221;none&#8221; border_type=&#8221;simple&#8221; column_border_width=&#8221;none&#8221; column_border_style=&#8221;solid&#8221; column_padding_type=&#8221;default&#8221; gradient_type=&#8221;default&#8221;][vc_column_text css=&#8221;&#8221; text_direction=&#8221;default&#8221;]Des de molt aviat, la fotografia ha estat el llenguatge per a expressar el m\u00f3n. Des que era una boixa es va submergir en l&#8217;art visual a trav\u00e9s de la vella Contax de la seva mare, descobrint un univers fascinant en tons monocrom\u00e0tics. Per ella, la fotografia \u00e9s una eina de creativitat i una manera de connectar amb la bellesa que l&#8217;envolta.<\/p>\n<p>Eivissa, una illa que ha estat casa seva per m\u00e9s de 30 anys, s&#8217;ha convertit en el tel\u00f3 de fons perfecte per inspirar-la. All\u00ed troba l&#8217;harmonia entre natura, cares i paisatges que alimenten la passi\u00f3 art\u00edstica. Viatjar amb la c\u00e0mera \u00e9s una extensi\u00f3 natural de la seva vida, portant-la a descobrir i capturar l&#8217;ess\u00e8ncia de cada rac\u00f3 del m\u00f3n.<\/p>\n<p>Al llarg de la seva carrera, ha rebut nombrosos reconeixements internacionals, incloent-hi la Medalla d&#8217;Or FIAP a SFD Illa de Menorca (2019, 2023), aix\u00ed com premis i mencions a cert\u00e0mens prestigiosos com el Siena International Photo Awards, el Thrierenberg Super Circuit i el Trofeu Torretes. El seu treball tamb\u00e9 ha estat publicat en edicions de renom, com l&#8217;anuari de Thrierenberg i el llibre d&#8217;edici\u00f3 de luxe, reflectint el comprom\u00eds amb la fotografia i la passi\u00f3 per capturar l&#8217;ess\u00e8ncia de la natura i els paisatges en totes les seves formes.<\/p>\n<p>La plataforma 1X ha estat una vitrina destacada per a la seva obra, amb 343 imatges publicades i 112 de premiades. A m\u00e9s, ha col\u00b7laborat amb importants biblioteques d&#8217;estoc com Getty Images i Stocksy, consolidant la seva traject\u00f2ria a l&#8217;\u00e0mbit de la fotografia professional.[\/vc_column_text][\/vc_column_inner][vc_column_inner column_padding=&#8221;no-extra-padding&#8221; column_padding_tablet=&#8221;inherit&#8221; column_padding_phone=&#8221;inherit&#8221; column_padding_position=&#8221;all&#8221; column_element_direction_desktop=&#8221;default&#8221; column_element_spacing=&#8221;default&#8221; desktop_text_alignment=&#8221;default&#8221; tablet_text_alignment=&#8221;default&#8221; phone_text_alignment=&#8221;default&#8221; background_color_opacity=&#8221;1&#8243; background_hover_color_opacity=&#8221;1&#8243; column_backdrop_filter=&#8221;none&#8221; column_shadow=&#8221;none&#8221; column_border_radius=&#8221;none&#8221; column_link_target=&#8221;_self&#8221; overflow=&#8221;visible&#8221; gradient_direction=&#8221;left_to_right&#8221; overlay_strength=&#8221;0.3&#8243; width=&#8221;1\/3&#8243; tablet_width_inherit=&#8221;small_desktop&#8221; animation_type=&#8221;default&#8221; bg_image_animation=&#8221;none&#8221; border_type=&#8221;simple&#8221; column_border_width=&#8221;none&#8221; column_border_style=&#8221;solid&#8221; column_padding_type=&#8221;default&#8221; gradient_type=&#8221;default&#8221;][image_with_animation image_url=&#8221;704&#8243; image_size=&#8221;full&#8221; animation_type=&#8221;entrance&#8221; animation=&#8221;None&#8221; animation_movement_type=&#8221;transform_y&#8221; hover_animation=&#8221;none&#8221; alignment=&#8221;&#8221; border_radius=&#8221;none&#8221; box_shadow=&#8221;none&#8221; image_loading=&#8221;default&#8221; max_width=&#8221;100%&#8221; max_width_mobile=&#8221;default&#8221;][\/vc_column_inner][\/vc_row_inner][nectar_icon icon_family=&#8221;fontawesome&#8221; icon_style=&#8221;shadow-bg&#8221; icon_color_type=&#8221;custom&#8221; icon_color_custom=&#8221;#2e9cc0&#8243; icon_color_custom_hover=&#8221;#2c4188&#8243; open_new_tab=&#8221;true&#8221; icon_padding=&#8221;10px&#8221; pointer_events=&#8221;all&#8221; icon_fontawesome=&#8221;fa fa-television&#8221; url=&#8221;https:\/\/www.joanadue\u00f1as.eu\/&#8221; screen_reader_text=&#8221;web&#8221; icon_size=&#8221;20&#8243;][nectar_icon icon_family=&#8221;fontawesome&#8221; icon_style=&#8221;shadow-bg&#8221; icon_color_type=&#8221;custom&#8221; icon_color_custom=&#8221;#2e9cc0&#8243; icon_color_custom_hover=&#8221;#2c4188&#8243; open_new_tab=&#8221;true&#8221; icon_padding=&#8221;10px&#8221; pointer_events=&#8221;all&#8221; icon_fontawesome=&#8221;fa fa-instagram&#8221; url=&#8221;https:\/\/www.instagram.com\/joanaduenasmolins\/&#8221; screen_reader_text=&#8221;web&#8221; icon_size=&#8221;20&#8243; margin_left=&#8221;10&#8243; margin_right=&#8221;10&#8243;][nectar_icon icon_family=&#8221;fontawesome&#8221; icon_style=&#8221;shadow-bg&#8221; icon_color_type=&#8221;custom&#8221; icon_color_custom=&#8221;#2e9cc0&#8243; icon_color_custom_hover=&#8221;#2c4188&#8243; open_new_tab=&#8221;true&#8221; icon_padding=&#8221;10px&#8221; pointer_events=&#8221;all&#8221; icon_fontawesome=&#8221;fa fa-facebook&#8221; url=&#8221;https:\/\/www.facebook.com\/joana.duenasmolins&#8221; screen_reader_text=&#8221;web&#8221; icon_size=&#8221;20&#8243;][\/vc_column][\/vc_row][vc_row type=&#8221;in_container&#8221; full_screen_row_position=&#8221;middle&#8221; column_margin=&#8221;default&#8221; column_direction=&#8221;default&#8221; column_direction_tablet=&#8221;default&#8221; column_direction_phone=&#8221;default&#8221; scene_position=&#8221;center&#8221; text_color=&#8221;dark&#8221; text_align=&#8221;left&#8221; row_border_radius=&#8221;none&#8221; row_border_radius_applies=&#8221;bg&#8221; overflow=&#8221;visible&#8221; overlay_strength=&#8221;0.3&#8243; gradient_direction=&#8221;left_to_right&#8221; shape_divider_position=&#8221;bottom&#8221; bg_image_animation=&#8221;none&#8221;][vc_column column_padding=&#8221;no-extra-padding&#8221; column_padding_tablet=&#8221;inherit&#8221; column_padding_phone=&#8221;inherit&#8221; column_padding_position=&#8221;all&#8221; column_element_direction_desktop=&#8221;default&#8221; column_element_spacing=&#8221;default&#8221; desktop_text_alignment=&#8221;default&#8221; tablet_text_alignment=&#8221;default&#8221; phone_text_alignment=&#8221;default&#8221; background_color_opacity=&#8221;1&#8243; background_hover_color_opacity=&#8221;1&#8243; column_backdrop_filter=&#8221;none&#8221; column_shadow=&#8221;none&#8221; column_border_radius=&#8221;none&#8221; column_link_target=&#8221;_self&#8221; column_position=&#8221;default&#8221; gradient_direction=&#8221;left_to_right&#8221; overlay_strength=&#8221;0.3&#8243; width=&#8221;1\/1&#8243; tablet_width_inherit=&#8221;default&#8221; animation_type=&#8221;default&#8221; bg_image_animation=&#8221;none&#8221; border_type=&#8221;simple&#8221; column_border_width=&#8221;none&#8221; column_border_style=&#8221;solid&#8221;][vc_gallery css=&#8221;&#8221; type=&#8221;image_grid&#8221; images=&#8221;628,625,613,619&#8243; image_grid_loading=&#8221;default&#8221; layout=&#8221;3&#8243; item_spacing=&#8221;default&#8221; gallery_style=&#8221;7&#8243; load_in_animation=&#8221;none&#8221; img_size=&#8221;full&#8221;][\/vc_column][\/vc_row]\n","protected":false},"excerpt":{"rendered":"<p>[vc_row type=&#8221;in_container&#8221; full_screen_row_position=&#8221;middle&#8221; column_margin=&#8221;default&#8221; column_direction=&#8221;default&#8221; column_direction_tablet=&#8221;default&#8221; column_direction_phone=&#8221;default&#8221; scene_position=&#8221;center&#8221; text_color=&#8221;dark&#8221; text_align=&#8221;left&#8221; row_border_radius=&#8221;none&#8221; row_border_radius_applies=&#8221;bg&#8221; overflow=&#8221;visible&#8221; id=&#8221;toppag&#8221; overlay_strength=&#8221;0.3&#8243; gradient_direction=&#8221;left_to_right&#8221; shape_divider_position=&#8221;bottom&#8221; bg_image_animation=&#8221;none&#8221; gradient_type=&#8221;default&#8221; shape_type=&#8221;&#8221;][vc_column column_padding=&#8221;no-extra-padding&#8221; column_padding_tablet=&#8221;inherit&#8221; column_padding_phone=&#8221;inherit&#8221; column_padding_position=&#8221;all&#8221; column_element_direction_desktop=&#8221;default&#8221; column_element_spacing=&#8221;default&#8221; desktop_text_alignment=&#8221;default&#8221; tablet_text_alignment=&#8221;default&#8221; phone_text_alignment=&#8221;default&#8221; background_color_opacity=&#8221;1&#8243;&#8230;<\/p>\n","protected":false},"author":2,"featured_media":0,"parent":778,"menu_order":0,"comment_status":"closed","ping_status":"closed","template":"","meta":{"footnotes":""},"class_list":["post-795","page","type-page","status-publish"],"yoast_head":"<!-- This site is optimized with the Yoast SEO plugin v26.5 - https:\/\/yoast.com\/wordpress\/plugins\/seo\/ -->\n<title>Joana Due\u00f1as - Sant Josep Es Foto<\/title>\n<meta name=\"robots\" content=\"index, follow, max-snippet:-1, max-image-preview:large, max-video-preview:-1\" \/>\n<link rel=\"canonical\" href=\"https:\/\/www.santjosepesfoto.com\/ca\/exposicions\/joana-duenas\/\" \/>\n<meta property=\"og:locale\" content=\"ca_ES\" \/>\n<meta property=\"og:type\" content=\"article\" \/>\n<meta property=\"og:title\" content=\"Joana Due\u00f1as - Sant Josep Es Foto\" \/>\n<meta property=\"og:description\" content=\"[vc_row type=&#8221;in_container&#8221; full_screen_row_position=&#8221;middle&#8221; column_margin=&#8221;default&#8221; column_direction=&#8221;default&#8221; column_direction_tablet=&#8221;default&#8221; column_direction_phone=&#8221;default&#8221; scene_position=&#8221;center&#8221; text_color=&#8221;dark&#8221; text_align=&#8221;left&#8221; row_border_radius=&#8221;none&#8221; row_border_radius_applies=&#8221;bg&#8221; overflow=&#8221;visible&#8221; id=&#8221;toppag&#8221; overlay_strength=&#8221;0.3&#8243; gradient_direction=&#8221;left_to_right&#8221; shape_divider_position=&#8221;bottom&#8221; bg_image_animation=&#8221;none&#8221; gradient_type=&#8221;default&#8221; shape_type=&#8221;&#8221;][vc_column column_padding=&#8221;no-extra-padding&#8221; column_padding_tablet=&#8221;inherit&#8221; column_padding_phone=&#8221;inherit&#8221; column_padding_position=&#8221;all&#8221; column_element_direction_desktop=&#8221;default&#8221; column_element_spacing=&#8221;default&#8221; desktop_text_alignment=&#8221;default&#8221; tablet_text_alignment=&#8221;default&#8221; phone_text_alignment=&#8221;default&#8221; background_color_opacity=&#8221;1&#8243;...\" \/>\n<meta property=\"og:url\" content=\"https:\/\/www.santjosepesfoto.com\/ca\/exposicions\/joana-duenas\/\" \/>\n<meta property=\"og:site_name\" content=\"Sant Josep Es Foto\" \/>\n<meta property=\"article:publisher\" content=\"https:\/\/www.facebook.com\/profile.php?id=61567994520218\" \/>\n<meta property=\"article:modified_time\" content=\"2024-12-01T10:19:43+00:00\" \/>\n<meta name=\"twitter:card\" content=\"summary_large_image\" \/>\n<meta name=\"twitter:site\" content=\"@santjosepesfoto\" \/>\n<meta name=\"twitter:label1\" content=\"Temps estimat de lectura\" \/>\n\t<meta name=\"twitter:data1\" content=\"3 minuts\" \/>\n<script type=\"application\/ld+json\" class=\"yoast-schema-graph\">{\"@context\":\"https:\/\/schema.org\",\"@graph\":[{\"@type\":\"WebPage\",\"@id\":\"https:\/\/www.santjosepesfoto.com\/ca\/exposicions\/joana-duenas\/\",\"url\":\"https:\/\/www.santjosepesfoto.com\/ca\/exposicions\/joana-duenas\/\",\"name\":\"Joana Due\u00f1as - Sant Josep Es Foto\",\"isPartOf\":{\"@id\":\"https:\/\/www.santjosepesfoto.com\/#website\"},\"datePublished\":\"2024-11-25T11:20:00+00:00\",\"dateModified\":\"2024-12-01T10:19:43+00:00\",\"breadcrumb\":{\"@id\":\"https:\/\/www.santjosepesfoto.com\/ca\/exposicions\/joana-duenas\/#breadcrumb\"},\"inLanguage\":\"ca\",\"potentialAction\":[{\"@type\":\"ReadAction\",\"target\":[\"https:\/\/www.santjosepesfoto.com\/ca\/exposicions\/joana-duenas\/\"]}]},{\"@type\":\"BreadcrumbList\",\"@id\":\"https:\/\/www.santjosepesfoto.com\/ca\/exposicions\/joana-duenas\/#breadcrumb\",\"itemListElement\":[{\"@type\":\"ListItem\",\"position\":1,\"name\":\"Portada\",\"item\":\"https:\/\/www.santjosepesfoto.com\/ca\/\"},{\"@type\":\"ListItem\",\"position\":2,\"name\":\"Exposicions\",\"item\":\"https:\/\/www.santjosepesfoto.com\/ca\/exposicions\/\"},{\"@type\":\"ListItem\",\"position\":3,\"name\":\"Joana Due\u00f1as\"}]},{\"@type\":\"WebSite\",\"@id\":\"https:\/\/www.santjosepesfoto.com\/#website\",\"url\":\"https:\/\/www.santjosepesfoto.com\/\",\"name\":\"Sant Josep Es Foto\",\"description\":\"\",\"publisher\":{\"@id\":\"https:\/\/www.santjosepesfoto.com\/#organization\"},\"potentialAction\":[{\"@type\":\"SearchAction\",\"target\":{\"@type\":\"EntryPoint\",\"urlTemplate\":\"https:\/\/www.santjosepesfoto.com\/?s={search_term_string}\"},\"query-input\":{\"@type\":\"PropertyValueSpecification\",\"valueRequired\":true,\"valueName\":\"search_term_string\"}}],\"inLanguage\":\"ca\"},{\"@type\":\"Organization\",\"@id\":\"https:\/\/www.santjosepesfoto.com\/#organization\",\"name\":\"Sant Josep Es Foto\",\"alternateName\":\"Festival de Fotograf\u00eda \u201cSant Josep \u00e9s Foto\u201d\",\"url\":\"https:\/\/www.santjosepesfoto.com\/\",\"logo\":{\"@type\":\"ImageObject\",\"inLanguage\":\"ca\",\"@id\":\"https:\/\/www.santjosepesfoto.com\/#\/schema\/logo\/image\/\",\"url\":\"https:\/\/www.santjosepesfoto.com\/wp-content\/uploads\/2024\/10\/logo.svg\",\"contentUrl\":\"https:\/\/www.santjosepesfoto.com\/wp-content\/uploads\/2024\/10\/logo.svg\",\"width\":1,\"height\":1,\"caption\":\"Sant Josep Es Foto\"},\"image\":{\"@id\":\"https:\/\/www.santjosepesfoto.com\/#\/schema\/logo\/image\/\"},\"sameAs\":[\"https:\/\/www.facebook.com\/profile.php?id=61567994520218\",\"https:\/\/x.com\/santjosepesfoto\",\"https:\/\/www.instagram.com\/santjosepesfoto\/\",\"https:\/\/www.tiktok.com\/@sant.josep.s.foto?_t=8r01b63xueu&_r=1\"]}]}<\/script>\n<!-- \/ Yoast SEO plugin. -->","yoast_head_json":{"title":"Joana Due\u00f1as - Sant Josep Es Foto","robots":{"index":"index","follow":"follow","max-snippet":"max-snippet:-1","max-image-preview":"max-image-preview:large","max-video-preview":"max-video-preview:-1"},"canonical":"https:\/\/www.santjosepesfoto.com\/ca\/exposicions\/joana-duenas\/","og_locale":"ca_ES","og_type":"article","og_title":"Joana Due\u00f1as - Sant Josep Es Foto","og_description":"[vc_row type=&#8221;in_container&#8221; full_screen_row_position=&#8221;middle&#8221; column_margin=&#8221;default&#8221; column_direction=&#8221;default&#8221; column_direction_tablet=&#8221;default&#8221; column_direction_phone=&#8221;default&#8221; scene_position=&#8221;center&#8221; text_color=&#8221;dark&#8221; text_align=&#8221;left&#8221; row_border_radius=&#8221;none&#8221; row_border_radius_applies=&#8221;bg&#8221; overflow=&#8221;visible&#8221; id=&#8221;toppag&#8221; overlay_strength=&#8221;0.3&#8243; gradient_direction=&#8221;left_to_right&#8221; shape_divider_position=&#8221;bottom&#8221; bg_image_animation=&#8221;none&#8221; gradient_type=&#8221;default&#8221; shape_type=&#8221;&#8221;][vc_column column_padding=&#8221;no-extra-padding&#8221; column_padding_tablet=&#8221;inherit&#8221; column_padding_phone=&#8221;inherit&#8221; column_padding_position=&#8221;all&#8221; column_element_direction_desktop=&#8221;default&#8221; column_element_spacing=&#8221;default&#8221; desktop_text_alignment=&#8221;default&#8221; tablet_text_alignment=&#8221;default&#8221; phone_text_alignment=&#8221;default&#8221; background_color_opacity=&#8221;1&#8243;...","og_url":"https:\/\/www.santjosepesfoto.com\/ca\/exposicions\/joana-duenas\/","og_site_name":"Sant Josep Es Foto","article_publisher":"https:\/\/www.facebook.com\/profile.php?id=61567994520218","article_modified_time":"2024-12-01T10:19:43+00:00","twitter_card":"summary_large_image","twitter_site":"@santjosepesfoto","twitter_misc":{"Temps estimat de lectura":"3 minuts"},"schema":{"@context":"https:\/\/schema.org","@graph":[{"@type":"WebPage","@id":"https:\/\/www.santjosepesfoto.com\/ca\/exposicions\/joana-duenas\/","url":"https:\/\/www.santjosepesfoto.com\/ca\/exposicions\/joana-duenas\/","name":"Joana Due\u00f1as - Sant Josep Es Foto","isPartOf":{"@id":"https:\/\/www.santjosepesfoto.com\/#website"},"datePublished":"2024-11-25T11:20:00+00:00","dateModified":"2024-12-01T10:19:43+00:00","breadcrumb":{"@id":"https:\/\/www.santjosepesfoto.com\/ca\/exposicions\/joana-duenas\/#breadcrumb"},"inLanguage":"ca","potentialAction":[{"@type":"ReadAction","target":["https:\/\/www.santjosepesfoto.com\/ca\/exposicions\/joana-duenas\/"]}]},{"@type":"BreadcrumbList","@id":"https:\/\/www.santjosepesfoto.com\/ca\/exposicions\/joana-duenas\/#breadcrumb","itemListElement":[{"@type":"ListItem","position":1,"name":"Portada","item":"https:\/\/www.santjosepesfoto.com\/ca\/"},{"@type":"ListItem","position":2,"name":"Exposicions","item":"https:\/\/www.santjosepesfoto.com\/ca\/exposicions\/"},{"@type":"ListItem","position":3,"name":"Joana Due\u00f1as"}]},{"@type":"WebSite","@id":"https:\/\/www.santjosepesfoto.com\/#website","url":"https:\/\/www.santjosepesfoto.com\/","name":"Sant Josep Es Foto","description":"","publisher":{"@id":"https:\/\/www.santjosepesfoto.com\/#organization"},"potentialAction":[{"@type":"SearchAction","target":{"@type":"EntryPoint","urlTemplate":"https:\/\/www.santjosepesfoto.com\/?s={search_term_string}"},"query-input":{"@type":"PropertyValueSpecification","valueRequired":true,"valueName":"search_term_string"}}],"inLanguage":"ca"},{"@type":"Organization","@id":"https:\/\/www.santjosepesfoto.com\/#organization","name":"Sant Josep Es Foto","alternateName":"Festival de Fotograf\u00eda \u201cSant Josep \u00e9s Foto\u201d","url":"https:\/\/www.santjosepesfoto.com\/","logo":{"@type":"ImageObject","inLanguage":"ca","@id":"https:\/\/www.santjosepesfoto.com\/#\/schema\/logo\/image\/","url":"https:\/\/www.santjosepesfoto.com\/wp-content\/uploads\/2024\/10\/logo.svg","contentUrl":"https:\/\/www.santjosepesfoto.com\/wp-content\/uploads\/2024\/10\/logo.svg","width":1,"height":1,"caption":"Sant Josep Es Foto"},"image":{"@id":"https:\/\/www.santjosepesfoto.com\/#\/schema\/logo\/image\/"},"sameAs":["https:\/\/www.facebook.com\/profile.php?id=61567994520218","https:\/\/x.com\/santjosepesfoto","https:\/\/www.instagram.com\/santjosepesfoto\/","https:\/\/www.tiktok.com\/@sant.josep.s.foto?_t=8r01b63xueu&_r=1"]}]}},"jetpack_sharing_enabled":true,"_links":{"self":[{"href":"https:\/\/www.santjosepesfoto.com\/ca\/wp-json\/wp\/v2\/pages\/795","targetHints":{"allow":["GET"]}}],"collection":[{"href":"https:\/\/www.santjosepesfoto.com\/ca\/wp-json\/wp\/v2\/pages"}],"about":[{"href":"https:\/\/www.santjosepesfoto.com\/ca\/wp-json\/wp\/v2\/types\/page"}],"author":[{"embeddable":true,"href":"https:\/\/www.santjosepesfoto.com\/ca\/wp-json\/wp\/v2\/users\/2"}],"replies":[{"embeddable":true,"href":"https:\/\/www.santjosepesfoto.com\/ca\/wp-json\/wp\/v2\/comments?post=795"}],"version-history":[{"count":4,"href":"https:\/\/www.santjosepesfoto.com\/ca\/wp-json\/wp\/v2\/pages\/795\/revisions"}],"predecessor-version":[{"id":861,"href":"https:\/\/www.santjosepesfoto.com\/ca\/wp-json\/wp\/v2\/pages\/795\/revisions\/861"}],"up":[{"embeddable":true,"href":"https:\/\/www.santjosepesfoto.com\/ca\/wp-json\/wp\/v2\/pages\/778"}],"wp:attachment":[{"href":"https:\/\/www.santjosepesfoto.com\/ca\/wp-json\/wp\/v2\/media?parent=795"}],"curies":[{"name":"wp","href":"https:\/\/api.w.org\/{rel}","templated":true}]}}