{"id":785,"date":"2024-11-21T14:15:50","date_gmt":"2024-11-21T13:15:50","guid":{"rendered":"https:\/\/www.santjosepesfoto.com\/?page_id=785"},"modified":"2024-11-26T19:04:34","modified_gmt":"2024-11-26T18:04:34","slug":"francesc-fabregas-en-directe","status":"publish","type":"page","link":"https:\/\/www.santjosepesfoto.com\/ca\/exposicions\/francesc-fabregas-en-directe\/","title":{"rendered":"Francesc F\u00e0bregas. \u201cEn Directe\u201d"},"content":{"rendered":"[vc_row type=&#8221;in_container&#8221; full_screen_row_position=&#8221;middle&#8221; column_margin=&#8221;default&#8221; column_direction=&#8221;default&#8221; column_direction_tablet=&#8221;default&#8221; column_direction_phone=&#8221;default&#8221; scene_position=&#8221;center&#8221; text_color=&#8221;dark&#8221; text_align=&#8221;left&#8221; row_border_radius=&#8221;none&#8221; row_border_radius_applies=&#8221;bg&#8221; overflow=&#8221;visible&#8221; id=&#8221;toppag&#8221; overlay_strength=&#8221;0.3&#8243; gradient_direction=&#8221;left_to_right&#8221; shape_divider_position=&#8221;bottom&#8221; bg_image_animation=&#8221;none&#8221; gradient_type=&#8221;default&#8221; shape_type=&#8221;&#8221;][vc_column column_padding=&#8221;no-extra-padding&#8221; column_padding_tablet=&#8221;inherit&#8221; column_padding_phone=&#8221;inherit&#8221; column_padding_position=&#8221;all&#8221; column_element_direction_desktop=&#8221;default&#8221; column_element_spacing=&#8221;default&#8221; desktop_text_alignment=&#8221;default&#8221; tablet_text_alignment=&#8221;default&#8221; phone_text_alignment=&#8221;default&#8221; background_color_opacity=&#8221;1&#8243; background_hover_color_opacity=&#8221;1&#8243; column_backdrop_filter=&#8221;none&#8221; column_shadow=&#8221;none&#8221; column_border_radius=&#8221;none&#8221; column_link_target=&#8221;_self&#8221; column_position=&#8221;default&#8221; gradient_direction=&#8221;left_to_right&#8221; overlay_strength=&#8221;0.3&#8243; width=&#8221;1\/1&#8243; tablet_width_inherit=&#8221;default&#8221; animation_type=&#8221;default&#8221; bg_image_animation=&#8221;none&#8221; border_type=&#8221;advanced&#8221; border_bottom_desktop=&#8221;1&#8243; column_border_color=&#8221;#000000&#8243; column_border_style=&#8221;solid&#8221; column_padding_type=&#8221;default&#8221; gradient_type=&#8221;default&#8221;][vc_custom_heading source=&#8221;post_title&#8221; font_container=&#8221;tag:h1|text_align:left&#8221; use_theme_fonts=&#8221;yes&#8221; css=&#8221;&#8221;][vc_column_text css=&#8221;&#8221; text_direction=&#8221;default&#8221;]Inauguraci\u00f3 3 d&#8217;abril<br \/>\nDel 3 d&#8217;abril al 27 d&#8217;abril 2025[\/vc_column_text][vc_custom_heading text=&#8221;Sala d&#8217;Exposicions: Auditori Cal\u00f3 de s\u2019Oli &#8211; Carrer de M\u00e0laga, 1<br \/>\nCala de Bou.&#8221; use_theme_fonts=&#8221;yes&#8221; css=&#8221;&#8221;][\/vc_column][\/vc_row][vc_row type=&#8221;in_container&#8221; full_screen_row_position=&#8221;middle&#8221; column_margin=&#8221;default&#8221; column_direction=&#8221;default&#8221; column_direction_tablet=&#8221;default&#8221; column_direction_phone=&#8221;default&#8221; scene_position=&#8221;center&#8221; text_color=&#8221;dark&#8221; text_align=&#8221;left&#8221; row_border_radius=&#8221;none&#8221; row_border_radius_applies=&#8221;bg&#8221; overflow=&#8221;visible&#8221; overlay_strength=&#8221;0.3&#8243; gradient_direction=&#8221;left_to_right&#8221; shape_divider_position=&#8221;bottom&#8221; bg_image_animation=&#8221;none&#8221;][vc_column column_padding=&#8221;no-extra-padding&#8221; column_padding_tablet=&#8221;inherit&#8221; column_padding_phone=&#8221;inherit&#8221; column_padding_position=&#8221;all&#8221; column_element_direction_desktop=&#8221;default&#8221; column_element_spacing=&#8221;default&#8221; desktop_text_alignment=&#8221;default&#8221; tablet_text_alignment=&#8221;default&#8221; phone_text_alignment=&#8221;default&#8221; background_color_opacity=&#8221;1&#8243; background_hover_color_opacity=&#8221;1&#8243; column_backdrop_filter=&#8221;none&#8221; column_shadow=&#8221;none&#8221; column_border_radius=&#8221;none&#8221; column_link_target=&#8221;_self&#8221; column_position=&#8221;default&#8221; gradient_direction=&#8221;left_to_right&#8221; overlay_strength=&#8221;0.3&#8243; width=&#8221;1\/1&#8243; tablet_width_inherit=&#8221;default&#8221; animation_type=&#8221;default&#8221; bg_image_animation=&#8221;none&#8221; border_type=&#8221;simple&#8221; column_border_width=&#8221;none&#8221; column_border_style=&#8221;solid&#8221;][vc_column_text css=&#8221;&#8221; text_direction=&#8221;default&#8221;]Francesc F\u00e0bregas, testimoni directe del fenomen musical a la Barcelona dels anys 70 i 80, ens porta una selecci\u00f3 del seu ampli arxiu fotogr\u00e0fic que abasta des de finals dels 70 fins a l&#8217;actualitat. Sota el t\u00edtol \u201cEn Directe\u201d, el fot\u00f2graf acosta a l&#8217;espectador moments \u00fanics dels grans concerts d&#8217;artistes com Bruce Springsteen, David Bowie, The Rolling Stones o el m\u00edtic concert de Bob Marley a l&#8217;illa d&#8217;Eivissa[\/vc_column_text][vc_column_text css=&#8221;&#8221; text_direction=&#8221;default&#8221;]Sobre l&#8217;exposici\u00f3:<\/p>\n<p>La col\u00b7lecci\u00f3 de fotografies \u201cEn directe\u201d, disparada per Francesc F\u00e0bregas, ens remet a una partitura visual que oscil\u00b7la entre la cr\u00f2nica i el testimoniatge gr\u00e0fic de tota una \u00e8poca. Com si fossin notes musicals, el fot\u00f2graf situa sobre el pentagrama del temps una s\u00e8rie de retrats que serveixen per a compondre una melodia que evoca la hist\u00f2ria de la m\u00fasica i els seus protagonistes.<\/p>\n<p>En les seves imatges, F\u00e0bregas no busca plasmar l&#8217;impacte fotogr\u00e0fic que produeixen els espectaculars efectes lum\u00ednics d&#8217;un concert. Tampoc l&#8217;impactant escenari que sol envoltar els protagonistes. I molt menys, la fotog\u00e8nia d&#8217;un p\u00fablic lliurat a la celebraci\u00f3. F\u00e0bregas despulla el personatge de la parafern\u00e0lia pr\u00f2pia del concert i cerca capturar en ell l&#8217;essencial: el cos, l&#8217;\u00e0nima, l&#8217;expressi\u00f3, la mirada i, sobretot, la veu.<\/p>\n<p>&nbsp;<\/p>\n<p>Crec que un bon retrat \u00e9s obra de dos: el fot\u00f2graf i el fotografiat. Per tal que aquest moment m\u00e0gic es produeixi, \u00e9s necessari un lliurament gener\u00f3s i complet per totes dues parts. Es podria dir que en aquestes imatges el fot\u00f2graf est\u00e0 orfe de complicitats, perqu\u00e8 el que est\u00e0 davant de la c\u00e0mera nom\u00e9s pot lliurar-se a la seva pr\u00f2pia interpretaci\u00f3. \u00c9s l&#8217;ofici i bon fer del que dispara el que ha d&#8217;enfrontar-se en solitari a la cerca i elecci\u00f3 d&#8217;aquest instant irrepetible que haur\u00e0 de ser congelat en el temps. F\u00e0bregas domina perfectament aquest terreny: la seva manera de mirar i el seu mode de veure doten aquesta col\u00b7lecci\u00f3 de fotografies d&#8217;un inq\u00fcestionable valor documental, per\u00f2, sobretot, d&#8217;un segell d\u2019autoria propi i irrepetible.<\/p>\n<p style=\"text-align: right;\">Manuel Outumuro<\/p>\n[\/vc_column_text][vc_column_text css=&#8221;&#8221; text_direction=&#8221;default&#8221;]Sobre el Fot\u00f2graf:[\/vc_column_text][vc_row_inner column_margin=&#8221;default&#8221; column_direction=&#8221;default&#8221; column_direction_tablet=&#8221;default&#8221; column_direction_phone=&#8221;default&#8221; text_align=&#8221;left&#8221; row_position=&#8221;default&#8221; row_position_tablet=&#8221;inherit&#8221; row_position_phone=&#8221;inherit&#8221; overflow=&#8221;visible&#8221; pointer_events=&#8221;all&#8221; class=&#8221;lineabio&#8221;][vc_column_inner column_padding=&#8221;no-extra-padding&#8221; column_padding_tablet=&#8221;inherit&#8221; column_padding_phone=&#8221;inherit&#8221; column_padding_position=&#8221;all&#8221; column_element_direction_desktop=&#8221;default&#8221; column_element_spacing=&#8221;default&#8221; desktop_text_alignment=&#8221;default&#8221; tablet_text_alignment=&#8221;default&#8221; phone_text_alignment=&#8221;default&#8221; background_color_opacity=&#8221;1&#8243; background_hover_color_opacity=&#8221;1&#8243; column_backdrop_filter=&#8221;none&#8221; column_shadow=&#8221;none&#8221; column_border_radius=&#8221;none&#8221; column_link_target=&#8221;_self&#8221; overflow=&#8221;visible&#8221; gradient_direction=&#8221;left_to_right&#8221; overlay_strength=&#8221;0.3&#8243; width=&#8221;2\/3&#8243; tablet_width_inherit=&#8221;small_desktop&#8221; animation_type=&#8221;default&#8221; bg_image_animation=&#8221;none&#8221; border_type=&#8221;simple&#8221; column_border_width=&#8221;none&#8221; column_border_style=&#8221;solid&#8221; column_padding_type=&#8221;default&#8221; gradient_type=&#8221;default&#8221;][vc_column_text css=&#8221;&#8221; text_direction=&#8221;default&#8221;]Francesc F\u00e0bregas (Sant Just Desvern, Barcelona, 1950) va comen\u00e7ar la seva carrera als anys 70 com a fot\u00f2graf de mitjans rellevants com Vibracions, Rock de Lux, Fotogrames, Interviu, i El Pa\u00eds, a m\u00e9s de col\u00b7laborar amb editorials com Planeta i discogr\u00e0fiques com EMI i RCA. La seva obra est\u00e0 \u00e0mpliament documentada en el llibre M\u00fasica pels ulls (2012), que recull retrats d&#8217;artistes nacionals i internacionals des de 1970 a 1990.<\/p>\n<p>Ha exposat en ciutats com Barcelona, Madrid, Chicago, i Kyoto, participant en esdeveniments destacats com el Festival Fot\u00f2psia, el Getxophoto i el Festival de Porta Ferrada. Durant m\u00e9s d&#8217;una d\u00e8cada va dirigir el festival Formentera Fotogr\u00e0fica.<\/p>\n<p>En la seva faceta televisiva, ha estat vinculat a TV3, creant i dirigint programes culturals i musicals com ara Sputnik i Jazz &amp; Co, i ha estat guardonat amb premis com el Ciutat de Barcelona (1991) i el \u201cToni Catany\u201d de Cultura (2022). Tamb\u00e9 \u00e9s membre del Comit\u00e8 del Pla Nacional per a la Fotografia de Catalunya.[\/vc_column_text][\/vc_column_inner][vc_column_inner column_padding=&#8221;no-extra-padding&#8221; column_padding_tablet=&#8221;inherit&#8221; column_padding_phone=&#8221;inherit&#8221; column_padding_position=&#8221;all&#8221; column_element_direction_desktop=&#8221;default&#8221; column_element_spacing=&#8221;default&#8221; desktop_text_alignment=&#8221;default&#8221; tablet_text_alignment=&#8221;default&#8221; phone_text_alignment=&#8221;default&#8221; background_color_opacity=&#8221;1&#8243; background_hover_color_opacity=&#8221;1&#8243; column_backdrop_filter=&#8221;none&#8221; column_shadow=&#8221;none&#8221; column_border_radius=&#8221;none&#8221; column_link_target=&#8221;_self&#8221; overflow=&#8221;visible&#8221; gradient_direction=&#8221;left_to_right&#8221; overlay_strength=&#8221;0.3&#8243; width=&#8221;1\/3&#8243; tablet_width_inherit=&#8221;small_desktop&#8221; animation_type=&#8221;default&#8221; bg_image_animation=&#8221;none&#8221; border_type=&#8221;simple&#8221; column_border_width=&#8221;none&#8221; column_border_style=&#8221;solid&#8221; column_padding_type=&#8221;default&#8221; gradient_type=&#8221;default&#8221;][image_with_animation image_url=&#8221;530&#8243; image_size=&#8221;full&#8221; animation_type=&#8221;entrance&#8221; animation=&#8221;None&#8221; animation_movement_type=&#8221;transform_y&#8221; hover_animation=&#8221;none&#8221; alignment=&#8221;&#8221; border_radius=&#8221;none&#8221; box_shadow=&#8221;none&#8221; image_loading=&#8221;default&#8221; max_width=&#8221;100%&#8221; max_width_mobile=&#8221;default&#8221;][\/vc_column_inner][\/vc_row_inner][nectar_icon icon_family=&#8221;fontawesome&#8221; icon_style=&#8221;shadow-bg&#8221; icon_color_type=&#8221;custom&#8221; icon_color_custom=&#8221;#2e9cc0&#8243; icon_color_custom_hover=&#8221;#2c4188&#8243; open_new_tab=&#8221;true&#8221; icon_padding=&#8221;10px&#8221; pointer_events=&#8221;all&#8221; icon_fontawesome=&#8221;fa fa-television&#8221; url=&#8221;https:\/\/www.francescfabregas.com&#8221; screen_reader_text=&#8221;web&#8221; icon_size=&#8221;20&#8243;][nectar_icon icon_family=&#8221;fontawesome&#8221; icon_style=&#8221;shadow-bg&#8221; icon_color_type=&#8221;custom&#8221; icon_color_custom=&#8221;#2e9cc0&#8243; icon_color_custom_hover=&#8221;#2c4188&#8243; open_new_tab=&#8221;true&#8221; icon_padding=&#8221;10px&#8221; pointer_events=&#8221;all&#8221; icon_fontawesome=&#8221;fa fa-instagram&#8221; url=&#8221;https:\/\/www.instagram.com\/francescfabre\/?hl=es&#8221; screen_reader_text=&#8221;web&#8221; icon_size=&#8221;20&#8243; margin_left=&#8221;10&#8243; margin_right=&#8221;10&#8243;][nectar_icon icon_family=&#8221;fontawesome&#8221; icon_style=&#8221;shadow-bg&#8221; icon_color_type=&#8221;custom&#8221; icon_color_custom=&#8221;#2e9cc0&#8243; icon_color_custom_hover=&#8221;#2c4188&#8243; open_new_tab=&#8221;true&#8221; icon_padding=&#8221;10px&#8221; pointer_events=&#8221;all&#8221; icon_fontawesome=&#8221;fa fa-facebook&#8221; url=&#8221;https:\/\/www.facebook.com\/francesc.fabregas3&#8243; screen_reader_text=&#8221;web&#8221; icon_size=&#8221;20&#8243;][\/vc_column][\/vc_row][vc_row type=&#8221;in_container&#8221; full_screen_row_position=&#8221;middle&#8221; column_margin=&#8221;default&#8221; column_direction=&#8221;default&#8221; column_direction_tablet=&#8221;default&#8221; column_direction_phone=&#8221;default&#8221; scene_position=&#8221;center&#8221; text_color=&#8221;dark&#8221; text_align=&#8221;left&#8221; row_border_radius=&#8221;none&#8221; row_border_radius_applies=&#8221;bg&#8221; overflow=&#8221;visible&#8221; overlay_strength=&#8221;0.3&#8243; gradient_direction=&#8221;left_to_right&#8221; shape_divider_position=&#8221;bottom&#8221; bg_image_animation=&#8221;none&#8221;][vc_column column_padding=&#8221;no-extra-padding&#8221; column_padding_tablet=&#8221;inherit&#8221; column_padding_phone=&#8221;inherit&#8221; column_padding_position=&#8221;all&#8221; column_element_direction_desktop=&#8221;default&#8221; column_element_spacing=&#8221;default&#8221; desktop_text_alignment=&#8221;default&#8221; tablet_text_alignment=&#8221;default&#8221; phone_text_alignment=&#8221;default&#8221; background_color_opacity=&#8221;1&#8243; background_hover_color_opacity=&#8221;1&#8243; column_backdrop_filter=&#8221;none&#8221; column_shadow=&#8221;none&#8221; column_border_radius=&#8221;none&#8221; column_link_target=&#8221;_self&#8221; column_position=&#8221;default&#8221; gradient_direction=&#8221;left_to_right&#8221; overlay_strength=&#8221;0.3&#8243; width=&#8221;1\/1&#8243; tablet_width_inherit=&#8221;default&#8221; animation_type=&#8221;default&#8221; bg_image_animation=&#8221;none&#8221; border_type=&#8221;simple&#8221; column_border_width=&#8221;none&#8221; column_border_style=&#8221;solid&#8221;][vc_gallery css=&#8221;&#8221; type=&#8221;image_grid&#8221; images=&#8221;496,499,502&#8243; image_grid_loading=&#8221;default&#8221; layout=&#8221;3&#8243; item_spacing=&#8221;default&#8221; gallery_style=&#8221;7&#8243; load_in_animation=&#8221;none&#8221; img_size=&#8221;full&#8221;][\/vc_column][\/vc_row]\n","protected":false},"excerpt":{"rendered":"<p>[vc_row type=&#8221;in_container&#8221; full_screen_row_position=&#8221;middle&#8221; column_margin=&#8221;default&#8221; column_direction=&#8221;default&#8221; column_direction_tablet=&#8221;default&#8221; column_direction_phone=&#8221;default&#8221; scene_position=&#8221;center&#8221; text_color=&#8221;dark&#8221; text_align=&#8221;left&#8221; row_border_radius=&#8221;none&#8221; row_border_radius_applies=&#8221;bg&#8221; overflow=&#8221;visible&#8221; id=&#8221;toppag&#8221; overlay_strength=&#8221;0.3&#8243; gradient_direction=&#8221;left_to_right&#8221; shape_divider_position=&#8221;bottom&#8221; bg_image_animation=&#8221;none&#8221; gradient_type=&#8221;default&#8221; shape_type=&#8221;&#8221;][vc_column column_padding=&#8221;no-extra-padding&#8221; column_padding_tablet=&#8221;inherit&#8221; column_padding_phone=&#8221;inherit&#8221; column_padding_position=&#8221;all&#8221; column_element_direction_desktop=&#8221;default&#8221; column_element_spacing=&#8221;default&#8221; desktop_text_alignment=&#8221;default&#8221; tablet_text_alignment=&#8221;default&#8221; phone_text_alignment=&#8221;default&#8221; background_color_opacity=&#8221;1&#8243;&#8230;<\/p>\n","protected":false},"author":2,"featured_media":0,"parent":778,"menu_order":0,"comment_status":"closed","ping_status":"closed","template":"","meta":{"footnotes":""},"class_list":["post-785","page","type-page","status-publish"],"yoast_head":"<!-- This site is optimized with the Yoast SEO plugin v26.5 - https:\/\/yoast.com\/wordpress\/plugins\/seo\/ -->\n<title>Francesc F\u00e0bregas. \u201cEn Directe\u201d - Sant Josep Es Foto<\/title>\n<meta name=\"robots\" content=\"index, follow, max-snippet:-1, max-image-preview:large, max-video-preview:-1\" \/>\n<link rel=\"canonical\" href=\"https:\/\/www.santjosepesfoto.com\/ca\/exposicions\/francesc-fabregas-en-directe\/\" \/>\n<meta property=\"og:locale\" content=\"ca_ES\" \/>\n<meta property=\"og:type\" content=\"article\" \/>\n<meta property=\"og:title\" content=\"Francesc F\u00e0bregas. \u201cEn Directe\u201d - Sant Josep Es Foto\" \/>\n<meta property=\"og:description\" content=\"[vc_row type=&#8221;in_container&#8221; full_screen_row_position=&#8221;middle&#8221; column_margin=&#8221;default&#8221; column_direction=&#8221;default&#8221; column_direction_tablet=&#8221;default&#8221; column_direction_phone=&#8221;default&#8221; scene_position=&#8221;center&#8221; text_color=&#8221;dark&#8221; text_align=&#8221;left&#8221; row_border_radius=&#8221;none&#8221; row_border_radius_applies=&#8221;bg&#8221; overflow=&#8221;visible&#8221; id=&#8221;toppag&#8221; overlay_strength=&#8221;0.3&#8243; gradient_direction=&#8221;left_to_right&#8221; shape_divider_position=&#8221;bottom&#8221; bg_image_animation=&#8221;none&#8221; gradient_type=&#8221;default&#8221; shape_type=&#8221;&#8221;][vc_column column_padding=&#8221;no-extra-padding&#8221; column_padding_tablet=&#8221;inherit&#8221; column_padding_phone=&#8221;inherit&#8221; column_padding_position=&#8221;all&#8221; column_element_direction_desktop=&#8221;default&#8221; column_element_spacing=&#8221;default&#8221; desktop_text_alignment=&#8221;default&#8221; tablet_text_alignment=&#8221;default&#8221; phone_text_alignment=&#8221;default&#8221; background_color_opacity=&#8221;1&#8243;...\" \/>\n<meta property=\"og:url\" content=\"https:\/\/www.santjosepesfoto.com\/ca\/exposicions\/francesc-fabregas-en-directe\/\" \/>\n<meta property=\"og:site_name\" content=\"Sant Josep Es Foto\" \/>\n<meta property=\"article:publisher\" content=\"https:\/\/www.facebook.com\/profile.php?id=61567994520218\" \/>\n<meta property=\"article:modified_time\" content=\"2024-11-26T18:04:34+00:00\" \/>\n<meta name=\"twitter:card\" content=\"summary_large_image\" \/>\n<meta name=\"twitter:site\" content=\"@santjosepesfoto\" \/>\n<meta name=\"twitter:label1\" content=\"Temps estimat de lectura\" \/>\n\t<meta name=\"twitter:data1\" content=\"8 minuts\" \/>\n<script type=\"application\/ld+json\" class=\"yoast-schema-graph\">{\"@context\":\"https:\/\/schema.org\",\"@graph\":[{\"@type\":\"WebPage\",\"@id\":\"https:\/\/www.santjosepesfoto.com\/ca\/exposicions\/francesc-fabregas-en-directe\/\",\"url\":\"https:\/\/www.santjosepesfoto.com\/ca\/exposicions\/francesc-fabregas-en-directe\/\",\"name\":\"Francesc F\u00e0bregas. \u201cEn Directe\u201d - Sant Josep Es Foto\",\"isPartOf\":{\"@id\":\"https:\/\/www.santjosepesfoto.com\/#website\"},\"datePublished\":\"2024-11-21T13:15:50+00:00\",\"dateModified\":\"2024-11-26T18:04:34+00:00\",\"breadcrumb\":{\"@id\":\"https:\/\/www.santjosepesfoto.com\/ca\/exposicions\/francesc-fabregas-en-directe\/#breadcrumb\"},\"inLanguage\":\"ca\",\"potentialAction\":[{\"@type\":\"ReadAction\",\"target\":[\"https:\/\/www.santjosepesfoto.com\/ca\/exposicions\/francesc-fabregas-en-directe\/\"]}]},{\"@type\":\"BreadcrumbList\",\"@id\":\"https:\/\/www.santjosepesfoto.com\/ca\/exposicions\/francesc-fabregas-en-directe\/#breadcrumb\",\"itemListElement\":[{\"@type\":\"ListItem\",\"position\":1,\"name\":\"Portada\",\"item\":\"https:\/\/www.santjosepesfoto.com\/ca\/\"},{\"@type\":\"ListItem\",\"position\":2,\"name\":\"Exposicions\",\"item\":\"https:\/\/www.santjosepesfoto.com\/ca\/exposicions\/\"},{\"@type\":\"ListItem\",\"position\":3,\"name\":\"Francesc F\u00e0bregas. \u201cEn Directe\u201d\"}]},{\"@type\":\"WebSite\",\"@id\":\"https:\/\/www.santjosepesfoto.com\/#website\",\"url\":\"https:\/\/www.santjosepesfoto.com\/\",\"name\":\"Sant Josep Es Foto\",\"description\":\"\",\"publisher\":{\"@id\":\"https:\/\/www.santjosepesfoto.com\/#organization\"},\"potentialAction\":[{\"@type\":\"SearchAction\",\"target\":{\"@type\":\"EntryPoint\",\"urlTemplate\":\"https:\/\/www.santjosepesfoto.com\/?s={search_term_string}\"},\"query-input\":{\"@type\":\"PropertyValueSpecification\",\"valueRequired\":true,\"valueName\":\"search_term_string\"}}],\"inLanguage\":\"ca\"},{\"@type\":\"Organization\",\"@id\":\"https:\/\/www.santjosepesfoto.com\/#organization\",\"name\":\"Sant Josep Es Foto\",\"alternateName\":\"Festival de Fotograf\u00eda \u201cSant Josep \u00e9s Foto\u201d\",\"url\":\"https:\/\/www.santjosepesfoto.com\/\",\"logo\":{\"@type\":\"ImageObject\",\"inLanguage\":\"ca\",\"@id\":\"https:\/\/www.santjosepesfoto.com\/#\/schema\/logo\/image\/\",\"url\":\"https:\/\/www.santjosepesfoto.com\/wp-content\/uploads\/2024\/10\/logo.svg\",\"contentUrl\":\"https:\/\/www.santjosepesfoto.com\/wp-content\/uploads\/2024\/10\/logo.svg\",\"width\":1,\"height\":1,\"caption\":\"Sant Josep Es Foto\"},\"image\":{\"@id\":\"https:\/\/www.santjosepesfoto.com\/#\/schema\/logo\/image\/\"},\"sameAs\":[\"https:\/\/www.facebook.com\/profile.php?id=61567994520218\",\"https:\/\/x.com\/santjosepesfoto\",\"https:\/\/www.instagram.com\/santjosepesfoto\/\",\"https:\/\/www.tiktok.com\/@sant.josep.s.foto?_t=8r01b63xueu&_r=1\"]}]}<\/script>\n<!-- \/ Yoast SEO plugin. -->","yoast_head_json":{"title":"Francesc F\u00e0bregas. \u201cEn Directe\u201d - Sant Josep Es Foto","robots":{"index":"index","follow":"follow","max-snippet":"max-snippet:-1","max-image-preview":"max-image-preview:large","max-video-preview":"max-video-preview:-1"},"canonical":"https:\/\/www.santjosepesfoto.com\/ca\/exposicions\/francesc-fabregas-en-directe\/","og_locale":"ca_ES","og_type":"article","og_title":"Francesc F\u00e0bregas. \u201cEn Directe\u201d - Sant Josep Es Foto","og_description":"[vc_row type=&#8221;in_container&#8221; full_screen_row_position=&#8221;middle&#8221; column_margin=&#8221;default&#8221; column_direction=&#8221;default&#8221; column_direction_tablet=&#8221;default&#8221; column_direction_phone=&#8221;default&#8221; scene_position=&#8221;center&#8221; text_color=&#8221;dark&#8221; text_align=&#8221;left&#8221; row_border_radius=&#8221;none&#8221; row_border_radius_applies=&#8221;bg&#8221; overflow=&#8221;visible&#8221; id=&#8221;toppag&#8221; overlay_strength=&#8221;0.3&#8243; gradient_direction=&#8221;left_to_right&#8221; shape_divider_position=&#8221;bottom&#8221; bg_image_animation=&#8221;none&#8221; gradient_type=&#8221;default&#8221; shape_type=&#8221;&#8221;][vc_column column_padding=&#8221;no-extra-padding&#8221; column_padding_tablet=&#8221;inherit&#8221; column_padding_phone=&#8221;inherit&#8221; column_padding_position=&#8221;all&#8221; column_element_direction_desktop=&#8221;default&#8221; column_element_spacing=&#8221;default&#8221; desktop_text_alignment=&#8221;default&#8221; tablet_text_alignment=&#8221;default&#8221; phone_text_alignment=&#8221;default&#8221; background_color_opacity=&#8221;1&#8243;...","og_url":"https:\/\/www.santjosepesfoto.com\/ca\/exposicions\/francesc-fabregas-en-directe\/","og_site_name":"Sant Josep Es Foto","article_publisher":"https:\/\/www.facebook.com\/profile.php?id=61567994520218","article_modified_time":"2024-11-26T18:04:34+00:00","twitter_card":"summary_large_image","twitter_site":"@santjosepesfoto","twitter_misc":{"Temps estimat de lectura":"8 minuts"},"schema":{"@context":"https:\/\/schema.org","@graph":[{"@type":"WebPage","@id":"https:\/\/www.santjosepesfoto.com\/ca\/exposicions\/francesc-fabregas-en-directe\/","url":"https:\/\/www.santjosepesfoto.com\/ca\/exposicions\/francesc-fabregas-en-directe\/","name":"Francesc F\u00e0bregas. \u201cEn Directe\u201d - Sant Josep Es Foto","isPartOf":{"@id":"https:\/\/www.santjosepesfoto.com\/#website"},"datePublished":"2024-11-21T13:15:50+00:00","dateModified":"2024-11-26T18:04:34+00:00","breadcrumb":{"@id":"https:\/\/www.santjosepesfoto.com\/ca\/exposicions\/francesc-fabregas-en-directe\/#breadcrumb"},"inLanguage":"ca","potentialAction":[{"@type":"ReadAction","target":["https:\/\/www.santjosepesfoto.com\/ca\/exposicions\/francesc-fabregas-en-directe\/"]}]},{"@type":"BreadcrumbList","@id":"https:\/\/www.santjosepesfoto.com\/ca\/exposicions\/francesc-fabregas-en-directe\/#breadcrumb","itemListElement":[{"@type":"ListItem","position":1,"name":"Portada","item":"https:\/\/www.santjosepesfoto.com\/ca\/"},{"@type":"ListItem","position":2,"name":"Exposicions","item":"https:\/\/www.santjosepesfoto.com\/ca\/exposicions\/"},{"@type":"ListItem","position":3,"name":"Francesc F\u00e0bregas. \u201cEn Directe\u201d"}]},{"@type":"WebSite","@id":"https:\/\/www.santjosepesfoto.com\/#website","url":"https:\/\/www.santjosepesfoto.com\/","name":"Sant Josep Es Foto","description":"","publisher":{"@id":"https:\/\/www.santjosepesfoto.com\/#organization"},"potentialAction":[{"@type":"SearchAction","target":{"@type":"EntryPoint","urlTemplate":"https:\/\/www.santjosepesfoto.com\/?s={search_term_string}"},"query-input":{"@type":"PropertyValueSpecification","valueRequired":true,"valueName":"search_term_string"}}],"inLanguage":"ca"},{"@type":"Organization","@id":"https:\/\/www.santjosepesfoto.com\/#organization","name":"Sant Josep Es Foto","alternateName":"Festival de Fotograf\u00eda \u201cSant Josep \u00e9s Foto\u201d","url":"https:\/\/www.santjosepesfoto.com\/","logo":{"@type":"ImageObject","inLanguage":"ca","@id":"https:\/\/www.santjosepesfoto.com\/#\/schema\/logo\/image\/","url":"https:\/\/www.santjosepesfoto.com\/wp-content\/uploads\/2024\/10\/logo.svg","contentUrl":"https:\/\/www.santjosepesfoto.com\/wp-content\/uploads\/2024\/10\/logo.svg","width":1,"height":1,"caption":"Sant Josep Es Foto"},"image":{"@id":"https:\/\/www.santjosepesfoto.com\/#\/schema\/logo\/image\/"},"sameAs":["https:\/\/www.facebook.com\/profile.php?id=61567994520218","https:\/\/x.com\/santjosepesfoto","https:\/\/www.instagram.com\/santjosepesfoto\/","https:\/\/www.tiktok.com\/@sant.josep.s.foto?_t=8r01b63xueu&_r=1"]}]}},"jetpack_sharing_enabled":true,"_links":{"self":[{"href":"https:\/\/www.santjosepesfoto.com\/ca\/wp-json\/wp\/v2\/pages\/785","targetHints":{"allow":["GET"]}}],"collection":[{"href":"https:\/\/www.santjosepesfoto.com\/ca\/wp-json\/wp\/v2\/pages"}],"about":[{"href":"https:\/\/www.santjosepesfoto.com\/ca\/wp-json\/wp\/v2\/types\/page"}],"author":[{"embeddable":true,"href":"https:\/\/www.santjosepesfoto.com\/ca\/wp-json\/wp\/v2\/users\/2"}],"replies":[{"embeddable":true,"href":"https:\/\/www.santjosepesfoto.com\/ca\/wp-json\/wp\/v2\/comments?post=785"}],"version-history":[{"count":4,"href":"https:\/\/www.santjosepesfoto.com\/ca\/wp-json\/wp\/v2\/pages\/785\/revisions"}],"predecessor-version":[{"id":818,"href":"https:\/\/www.santjosepesfoto.com\/ca\/wp-json\/wp\/v2\/pages\/785\/revisions\/818"}],"up":[{"embeddable":true,"href":"https:\/\/www.santjosepesfoto.com\/ca\/wp-json\/wp\/v2\/pages\/778"}],"wp:attachment":[{"href":"https:\/\/www.santjosepesfoto.com\/ca\/wp-json\/wp\/v2\/media?parent=785"}],"curies":[{"name":"wp","href":"https:\/\/api.w.org\/{rel}","templated":true}]}}