{"id":660,"date":"2024-11-25T10:02:39","date_gmt":"2024-11-25T09:02:39","guid":{"rendered":"https:\/\/www.santjosepesfoto.com\/?page_id=660"},"modified":"2024-11-25T10:09:17","modified_gmt":"2024-11-25T09:09:17","slug":"pepe-canabate","status":"publish","type":"page","link":"https:\/\/www.santjosepesfoto.com\/ca\/ponentes\/pepe-canabate\/","title":{"rendered":"Pepe Ca\u00f1abate"},"content":{"rendered":"[vc_row type=&#8221;in_container&#8221; full_screen_row_position=&#8221;middle&#8221; column_margin=&#8221;default&#8221; column_direction=&#8221;default&#8221; column_direction_tablet=&#8221;default&#8221; column_direction_phone=&#8221;default&#8221; scene_position=&#8221;center&#8221; text_color=&#8221;dark&#8221; text_align=&#8221;left&#8221; row_border_radius=&#8221;none&#8221; row_border_radius_applies=&#8221;bg&#8221; overflow=&#8221;visible&#8221; id=&#8221;toppag&#8221; overlay_strength=&#8221;0.3&#8243; gradient_direction=&#8221;left_to_right&#8221; shape_divider_position=&#8221;bottom&#8221; bg_image_animation=&#8221;none&#8221; gradient_type=&#8221;default&#8221; shape_type=&#8221;&#8221;][vc_column column_padding=&#8221;no-extra-padding&#8221; column_padding_tablet=&#8221;inherit&#8221; column_padding_phone=&#8221;inherit&#8221; column_padding_position=&#8221;all&#8221; column_element_direction_desktop=&#8221;default&#8221; column_element_spacing=&#8221;default&#8221; desktop_text_alignment=&#8221;default&#8221; tablet_text_alignment=&#8221;default&#8221; phone_text_alignment=&#8221;default&#8221; background_color_opacity=&#8221;1&#8243; background_hover_color_opacity=&#8221;1&#8243; column_backdrop_filter=&#8221;none&#8221; column_shadow=&#8221;none&#8221; column_border_radius=&#8221;none&#8221; column_link_target=&#8221;_self&#8221; column_position=&#8221;default&#8221; gradient_direction=&#8221;left_to_right&#8221; overlay_strength=&#8221;0.3&#8243; width=&#8221;1\/1&#8243; tablet_width_inherit=&#8221;default&#8221; animation_type=&#8221;default&#8221; bg_image_animation=&#8221;none&#8221; border_type=&#8221;advanced&#8221; border_bottom_desktop=&#8221;1&#8243; column_border_color=&#8221;#000000&#8243; column_border_style=&#8221;solid&#8221; column_padding_type=&#8221;default&#8221; gradient_type=&#8221;default&#8221;][vc_custom_heading text=&#8221;\u201cPepe Ca\u00f1abate conversa amb Juanjo Alfonso&#8220;&#8221; font_container=&#8221;tag:h1|text_align:left&#8221; use_theme_fonts=&#8221;yes&#8221; css=&#8221;&#8221;][vc_custom_heading text=&#8221;Pepe Ca\u00f1abate i Juanjo Alfonso&#8221; font_container=&#8221;tag:h3|text_align:left&#8221; use_theme_fonts=&#8221;yes&#8221; css=&#8221;&#8221;][vc_column_text css=&#8221;&#8221; text_direction=&#8221;default&#8221;]Viernes 11 de abril 2025[\/vc_column_text][divider line_type=&#8221;No Line&#8221; custom_height=&#8221;1&#8243;][\/vc_column][\/vc_row][vc_row type=&#8221;in_container&#8221; full_screen_row_position=&#8221;middle&#8221; column_margin=&#8221;default&#8221; column_direction=&#8221;default&#8221; column_direction_tablet=&#8221;default&#8221; column_direction_phone=&#8221;default&#8221; scene_position=&#8221;center&#8221; text_color=&#8221;dark&#8221; text_align=&#8221;left&#8221; row_border_radius=&#8221;none&#8221; row_border_radius_applies=&#8221;bg&#8221; overflow=&#8221;visible&#8221; id=&#8221;filaponente&#8221; overlay_strength=&#8221;0.3&#8243; gradient_direction=&#8221;left_to_right&#8221; shape_divider_position=&#8221;bottom&#8221; bg_image_animation=&#8221;none&#8221; gradient_type=&#8221;default&#8221; shape_type=&#8221;&#8221;][vc_column column_padding=&#8221;no-extra-padding&#8221; column_padding_tablet=&#8221;inherit&#8221; column_padding_phone=&#8221;inherit&#8221; column_padding_position=&#8221;all&#8221; column_element_direction_desktop=&#8221;default&#8221; column_element_spacing=&#8221;default&#8221; desktop_text_alignment=&#8221;default&#8221; tablet_text_alignment=&#8221;default&#8221; phone_text_alignment=&#8221;default&#8221; background_color_opacity=&#8221;1&#8243; background_hover_color_opacity=&#8221;1&#8243; column_backdrop_filter=&#8221;none&#8221; column_shadow=&#8221;none&#8221; column_border_radius=&#8221;none&#8221; column_link_target=&#8221;_self&#8221; column_position=&#8221;default&#8221; gradient_direction=&#8221;left_to_right&#8221; overlay_strength=&#8221;0.3&#8243; width=&#8221;1\/1&#8243; tablet_width_inherit=&#8221;default&#8221; animation_type=&#8221;default&#8221; bg_image_animation=&#8221;none&#8221; border_type=&#8221;simple&#8221; column_border_width=&#8221;none&#8221; column_border_style=&#8221;solid&#8221;][vc_column_text css=&#8221;&#8221; text_direction=&#8221;default&#8221;]<strong>En aquesta xerrada, el fot\u00f2graf Pepe Ca\u00f1abate, amb Juanjo Alfonso, compartir\u00e0 la seva rica experi\u00e8ncia en l&#8217;art del blanc i negre, des dels seus inicis en el laboratori tradicional fins a la integraci\u00f3 d&#8217;eines digitals en el seu proc\u00e9s creatiu. Al llarg de la conversa, Pepe Ca\u00f1abate ens portar\u00e0 a trav\u00e9s d&#8217;un recorregut per la seva obra art\u00edstica, mostrant com ha mantingut l&#8217;ess\u00e8ncia del seu estil malgrat el canvi de tecnologies.<\/strong>[\/vc_column_text][vc_row_inner column_margin=&#8221;default&#8221; column_direction=&#8221;default&#8221; column_direction_tablet=&#8221;default&#8221; column_direction_phone=&#8221;default&#8221; text_align=&#8221;left&#8221; row_position=&#8221;default&#8221; row_position_tablet=&#8221;inherit&#8221; row_position_phone=&#8221;inherit&#8221; overflow=&#8221;visible&#8221; pointer_events=&#8221;all&#8221;][vc_column_inner column_padding=&#8221;no-extra-padding&#8221; column_padding_tablet=&#8221;inherit&#8221; column_padding_phone=&#8221;inherit&#8221; column_padding_position=&#8221;all&#8221; column_element_direction_desktop=&#8221;default&#8221; column_element_spacing=&#8221;default&#8221; desktop_text_alignment=&#8221;default&#8221; tablet_text_alignment=&#8221;default&#8221; phone_text_alignment=&#8221;default&#8221; background_color_opacity=&#8221;1&#8243; background_hover_color_opacity=&#8221;1&#8243; column_backdrop_filter=&#8221;none&#8221; column_shadow=&#8221;none&#8221; column_border_radius=&#8221;none&#8221; column_link_target=&#8221;_self&#8221; overflow=&#8221;visible&#8221; gradient_direction=&#8221;left_to_right&#8221; overlay_strength=&#8221;0.3&#8243; width=&#8221;2\/3&#8243; tablet_width_inherit=&#8221;default&#8221; animation_type=&#8221;default&#8221; bg_image_animation=&#8221;none&#8221; border_type=&#8221;simple&#8221; column_border_width=&#8221;none&#8221; column_border_style=&#8221;solid&#8221;][vc_column_text css=&#8221;&#8221; text_direction=&#8221;default&#8221;]Sobre Pepe Ca\u00f1abate<\/p>\n<p>Pepe Ca\u00f1abate (Palma, 1953) \u00e9s un fot\u00f2graf autodidacta radicat a Palma, conegut pel seu mestratge en l&#8217;art de la fotografia en blanc i negre. La seva especialitzaci\u00f3 en aquest estil el va portar a muntar el seu propi laboratori professional, un espai on va perfeccionar cada detall del revelat. Amb l&#8217;arribada de l&#8217;era digital, Pepe s\u2019hi va adaptar sense perdre la seva ess\u00e8ncia, i avui combina la seva experi\u00e8ncia en postproducci\u00f3, impressi\u00f3 i edici\u00f3 digital per a crear imatges que conserven la mateixa profunditat del seu treball anal\u00f2gic.<\/p>\n<p>La seva passi\u00f3 per la fotografia va m\u00e9s enll\u00e0 del comercial i es mant\u00e9 fidel al seu estil, ali\u00e8 a modes passatgeres. En cada obra, Pepe \u00e9s present des del primer clic fins al muntatge final, en un proc\u00e9s creatiu acurat i detallat que converteix cada pe\u00e7a en una obra completa i personal, feta per a ser apreciada \u00edntegrament.<\/p>\n<p>Al llarg de la seva carrera, Pepe Ca\u00f1abate ha presentat la seva obra en m\u00faltiples exposicions individuals i col\u00b7lectives, tant en galeries d&#8217;Espanya com a Europa i els Estats Units. Des de les seves primeres mostres en els anys 80, amb exhibicions en espais com Factory a Palma i la Galeria Bernard a Alemanya, fins a mostres m\u00e9s recents com &#8220;NIGHTPOL&#8221; en igallery (2022), el seu treball ha capturat l&#8217;atenci\u00f3 i l&#8217;estima d&#8217;un p\u00fablic ampli i divers. Ha participat en prestigioses exposicions col\u00b7lectives, com PhotoEspa\u00f1a i el &#8220;Chania International Photo Festival&#8221; a Gr\u00e8cia, destacant tant a l&#8217;escena local com a la internacional.<\/p>\n<p>Els seus premis i reconeixements reflecteixen el seu comprom\u00eds amb la fotografia de qualitat. Entre els seus guardons ha rebut m\u00faltiples mencions honor\u00edfiques en els Lucie Awards de Los Angeles, a m\u00e9s de ser finalista i guanyador en cert\u00e0mens com el Ciutat de Palma i els T\u00f2quio International Foto Awards. Aquests assoliments consoliden el seu prestigi, destacant-lo no sols per la seva habilitat t\u00e8cnica sin\u00f3 tamb\u00e9 per la seva capacitat per a crear imatges que exploren tant l&#8217;est\u00e8tica com l&#8217;emoci\u00f3.<\/p>\n<p>Sobre Juanjo Alfonso:<\/p>\n<p>Juanjo Alfonso (Palma, 1969)<\/p>\n<p>Fot\u00f2graf documental i retratista, amb m\u00e9s de 30 anys d&#8217;experi\u00e8ncia compaginant la fotografia amb l&#8217;ensenyament. T\u00e8cnic especialitzat en imatge i so, ha treballat com a reporter gr\u00e0fic en mitjans locals i ha col\u00b7laborat en revistes nacionals.<\/p>\n<p>Per a ell, la fotografia \u00e9s una manera de connectar amb les persones i l&#8217;entorn, ja sigui a la ciutat o en qualsevol part del m\u00f3n. A trav\u00e9s del retrat i el llenguatge documental, el seu objectiu \u00e9s explicar hist\u00f2ries. La gent \u00e9s el motor de la seva obra, la qual cosa l&#8217;inspira a crear, viatjar i aprendre a trav\u00e9s de la seva cambra.[\/vc_column_text][nectar_icon icon_family=&#8221;fontawesome&#8221; icon_style=&#8221;shadow-bg&#8221; icon_color_type=&#8221;custom&#8221; icon_color_custom=&#8221;#2e9cc0&#8243; icon_color_custom_hover=&#8221;#2c4188&#8243; open_new_tab=&#8221;true&#8221; icon_padding=&#8221;10px&#8221; pointer_events=&#8221;all&#8221; icon_fontawesome=&#8221;fa fa-television&#8221; url=&#8221;https:\/\/pepecanabate.com\/&#8221; screen_reader_text=&#8221;web&#8221; icon_size=&#8221;20&#8243;][nectar_icon icon_family=&#8221;fontawesome&#8221; icon_style=&#8221;shadow-bg&#8221; icon_color_type=&#8221;custom&#8221; icon_color_custom=&#8221;#2e9cc0&#8243; icon_color_custom_hover=&#8221;#2c4188&#8243; open_new_tab=&#8221;true&#8221; icon_padding=&#8221;10px&#8221; pointer_events=&#8221;all&#8221; icon_fontawesome=&#8221;fa fa-instagram&#8221; url=&#8221;https:\/\/www.instagram.com\/yavhol\/&#8221; screen_reader_text=&#8221;Instagram&#8221; icon_size=&#8221;20&#8243; margin_left=&#8221;10&#8243; margin_right=&#8221;10&#8243;][\/vc_column_inner][vc_column_inner column_padding=&#8221;no-extra-padding&#8221; column_padding_tablet=&#8221;inherit&#8221; column_padding_phone=&#8221;inherit&#8221; column_padding_position=&#8221;all&#8221; column_element_direction_desktop=&#8221;default&#8221; column_element_spacing=&#8221;default&#8221; desktop_text_alignment=&#8221;default&#8221; tablet_text_alignment=&#8221;default&#8221; phone_text_alignment=&#8221;default&#8221; background_color_opacity=&#8221;1&#8243; background_hover_color_opacity=&#8221;1&#8243; column_backdrop_filter=&#8221;none&#8221; column_shadow=&#8221;none&#8221; column_border_radius=&#8221;none&#8221; column_link_target=&#8221;_self&#8221; overflow=&#8221;visible&#8221; gradient_direction=&#8221;left_to_right&#8221; overlay_strength=&#8221;0.3&#8243; width=&#8221;1\/3&#8243; tablet_width_inherit=&#8221;default&#8221; animation_type=&#8221;default&#8221; bg_image_animation=&#8221;none&#8221; border_type=&#8221;simple&#8221; column_border_width=&#8221;none&#8221; column_border_style=&#8221;solid&#8221;][image_with_animation image_url=&#8221;97&#8243; image_size=&#8221;full&#8221; animation_type=&#8221;entrance&#8221; animation=&#8221;None&#8221; animation_movement_type=&#8221;transform_y&#8221; hover_animation=&#8221;none&#8221; alignment=&#8221;&#8221; border_radius=&#8221;none&#8221; box_shadow=&#8221;none&#8221; image_loading=&#8221;default&#8221; max_width=&#8221;100%&#8221; max_width_mobile=&#8221;default&#8221;][image_with_animation image_url=&#8221;652&#8243; image_size=&#8221;full&#8221; animation_type=&#8221;entrance&#8221; animation=&#8221;None&#8221; animation_movement_type=&#8221;transform_y&#8221; hover_animation=&#8221;none&#8221; alignment=&#8221;&#8221; border_radius=&#8221;none&#8221; box_shadow=&#8221;none&#8221; image_loading=&#8221;default&#8221; max_width=&#8221;100%&#8221; max_width_mobile=&#8221;default&#8221;][\/vc_column_inner][\/vc_row_inner][\/vc_column][\/vc_row][vc_row type=&#8221;in_container&#8221; full_screen_row_position=&#8221;middle&#8221; column_margin=&#8221;default&#8221; column_direction=&#8221;default&#8221; column_direction_tablet=&#8221;default&#8221; column_direction_phone=&#8221;default&#8221; scene_position=&#8221;center&#8221; text_color=&#8221;dark&#8221; text_align=&#8221;left&#8221; row_border_radius=&#8221;none&#8221; row_border_radius_applies=&#8221;bg&#8221; overflow=&#8221;visible&#8221; overlay_strength=&#8221;0.3&#8243; gradient_direction=&#8221;left_to_right&#8221; shape_divider_position=&#8221;bottom&#8221; bg_image_animation=&#8221;none&#8221;][vc_column column_padding=&#8221;no-extra-padding&#8221; column_padding_tablet=&#8221;inherit&#8221; column_padding_phone=&#8221;inherit&#8221; column_padding_position=&#8221;all&#8221; column_element_direction_desktop=&#8221;default&#8221; column_element_spacing=&#8221;default&#8221; desktop_text_alignment=&#8221;default&#8221; tablet_text_alignment=&#8221;default&#8221; phone_text_alignment=&#8221;default&#8221; background_color_opacity=&#8221;1&#8243; background_hover_color_opacity=&#8221;1&#8243; column_backdrop_filter=&#8221;none&#8221; column_shadow=&#8221;none&#8221; column_border_radius=&#8221;none&#8221; column_link_target=&#8221;_self&#8221; column_position=&#8221;default&#8221; gradient_direction=&#8221;left_to_right&#8221; overlay_strength=&#8221;0.3&#8243; width=&#8221;1\/1&#8243; tablet_width_inherit=&#8221;default&#8221; animation_type=&#8221;default&#8221; bg_image_animation=&#8221;none&#8221; border_type=&#8221;simple&#8221; column_border_width=&#8221;none&#8221; column_border_style=&#8221;solid&#8221;][vc_gallery css=&#8221;&#8221; type=&#8221;image_grid&#8221; images=&#8221;655,649,646&#8243; image_grid_loading=&#8221;default&#8221; layout=&#8221;2&#8243; item_spacing=&#8221;default&#8221; gallery_style=&#8221;7&#8243; load_in_animation=&#8221;none&#8221; img_size=&#8221;full&#8221;][\/vc_column][\/vc_row]\n","protected":false},"excerpt":{"rendered":"<p>[vc_row type=&#8221;in_container&#8221; full_screen_row_position=&#8221;middle&#8221; column_margin=&#8221;default&#8221; column_direction=&#8221;default&#8221; column_direction_tablet=&#8221;default&#8221; column_direction_phone=&#8221;default&#8221; scene_position=&#8221;center&#8221; text_color=&#8221;dark&#8221; text_align=&#8221;left&#8221; row_border_radius=&#8221;none&#8221; row_border_radius_applies=&#8221;bg&#8221; overflow=&#8221;visible&#8221; id=&#8221;toppag&#8221; overlay_strength=&#8221;0.3&#8243; gradient_direction=&#8221;left_to_right&#8221; shape_divider_position=&#8221;bottom&#8221; bg_image_animation=&#8221;none&#8221; gradient_type=&#8221;default&#8221; shape_type=&#8221;&#8221;][vc_column column_padding=&#8221;no-extra-padding&#8221; column_padding_tablet=&#8221;inherit&#8221; column_padding_phone=&#8221;inherit&#8221; column_padding_position=&#8221;all&#8221; column_element_direction_desktop=&#8221;default&#8221; column_element_spacing=&#8221;default&#8221; desktop_text_alignment=&#8221;default&#8221; tablet_text_alignment=&#8221;default&#8221; phone_text_alignment=&#8221;default&#8221; background_color_opacity=&#8221;1&#8243;&#8230;<\/p>\n","protected":false},"author":2,"featured_media":0,"parent":640,"menu_order":0,"comment_status":"closed","ping_status":"closed","template":"","meta":{"footnotes":""},"class_list":["post-660","page","type-page","status-publish"],"yoast_head":"<!-- This site is optimized with the Yoast SEO plugin v26.5 - https:\/\/yoast.com\/wordpress\/plugins\/seo\/ -->\n<title>Pepe Ca\u00f1abate - Sant Josep Es Foto<\/title>\n<meta name=\"robots\" content=\"index, follow, max-snippet:-1, max-image-preview:large, max-video-preview:-1\" \/>\n<link rel=\"canonical\" href=\"https:\/\/www.santjosepesfoto.com\/ca\/ponentes\/pepe-canabate\/\" \/>\n<meta property=\"og:locale\" content=\"ca_ES\" \/>\n<meta property=\"og:type\" content=\"article\" \/>\n<meta property=\"og:title\" content=\"Pepe Ca\u00f1abate - Sant Josep Es Foto\" \/>\n<meta property=\"og:description\" content=\"[vc_row type=&#8221;in_container&#8221; full_screen_row_position=&#8221;middle&#8221; column_margin=&#8221;default&#8221; column_direction=&#8221;default&#8221; column_direction_tablet=&#8221;default&#8221; column_direction_phone=&#8221;default&#8221; scene_position=&#8221;center&#8221; text_color=&#8221;dark&#8221; text_align=&#8221;left&#8221; row_border_radius=&#8221;none&#8221; row_border_radius_applies=&#8221;bg&#8221; overflow=&#8221;visible&#8221; id=&#8221;toppag&#8221; overlay_strength=&#8221;0.3&#8243; gradient_direction=&#8221;left_to_right&#8221; shape_divider_position=&#8221;bottom&#8221; bg_image_animation=&#8221;none&#8221; gradient_type=&#8221;default&#8221; shape_type=&#8221;&#8221;][vc_column column_padding=&#8221;no-extra-padding&#8221; column_padding_tablet=&#8221;inherit&#8221; column_padding_phone=&#8221;inherit&#8221; column_padding_position=&#8221;all&#8221; column_element_direction_desktop=&#8221;default&#8221; column_element_spacing=&#8221;default&#8221; desktop_text_alignment=&#8221;default&#8221; tablet_text_alignment=&#8221;default&#8221; phone_text_alignment=&#8221;default&#8221; background_color_opacity=&#8221;1&#8243;...\" \/>\n<meta property=\"og:url\" content=\"https:\/\/www.santjosepesfoto.com\/ca\/ponentes\/pepe-canabate\/\" \/>\n<meta property=\"og:site_name\" content=\"Sant Josep Es Foto\" \/>\n<meta property=\"article:publisher\" content=\"https:\/\/www.facebook.com\/profile.php?id=61567994520218\" \/>\n<meta property=\"article:modified_time\" content=\"2024-11-25T09:09:17+00:00\" \/>\n<meta name=\"twitter:card\" content=\"summary_large_image\" \/>\n<meta name=\"twitter:site\" content=\"@santjosepesfoto\" \/>\n<meta name=\"twitter:label1\" content=\"Temps estimat de lectura\" \/>\n\t<meta name=\"twitter:data1\" content=\"8 minuts\" \/>\n<script type=\"application\/ld+json\" class=\"yoast-schema-graph\">{\"@context\":\"https:\/\/schema.org\",\"@graph\":[{\"@type\":\"WebPage\",\"@id\":\"https:\/\/www.santjosepesfoto.com\/ca\/ponentes\/pepe-canabate\/\",\"url\":\"https:\/\/www.santjosepesfoto.com\/ca\/ponentes\/pepe-canabate\/\",\"name\":\"Pepe Ca\u00f1abate - Sant Josep Es Foto\",\"isPartOf\":{\"@id\":\"https:\/\/www.santjosepesfoto.com\/#website\"},\"datePublished\":\"2024-11-25T09:02:39+00:00\",\"dateModified\":\"2024-11-25T09:09:17+00:00\",\"breadcrumb\":{\"@id\":\"https:\/\/www.santjosepesfoto.com\/ca\/ponentes\/pepe-canabate\/#breadcrumb\"},\"inLanguage\":\"ca\",\"potentialAction\":[{\"@type\":\"ReadAction\",\"target\":[\"https:\/\/www.santjosepesfoto.com\/ca\/ponentes\/pepe-canabate\/\"]}]},{\"@type\":\"BreadcrumbList\",\"@id\":\"https:\/\/www.santjosepesfoto.com\/ca\/ponentes\/pepe-canabate\/#breadcrumb\",\"itemListElement\":[{\"@type\":\"ListItem\",\"position\":1,\"name\":\"Portada\",\"item\":\"https:\/\/www.santjosepesfoto.com\/ca\/\"},{\"@type\":\"ListItem\",\"position\":2,\"name\":\"Ponents\",\"item\":\"https:\/\/www.santjosepesfoto.com\/ca\/?page_id=640\"},{\"@type\":\"ListItem\",\"position\":3,\"name\":\"Pepe Ca\u00f1abate\"}]},{\"@type\":\"WebSite\",\"@id\":\"https:\/\/www.santjosepesfoto.com\/#website\",\"url\":\"https:\/\/www.santjosepesfoto.com\/\",\"name\":\"Sant Josep Es Foto\",\"description\":\"\",\"publisher\":{\"@id\":\"https:\/\/www.santjosepesfoto.com\/#organization\"},\"potentialAction\":[{\"@type\":\"SearchAction\",\"target\":{\"@type\":\"EntryPoint\",\"urlTemplate\":\"https:\/\/www.santjosepesfoto.com\/?s={search_term_string}\"},\"query-input\":{\"@type\":\"PropertyValueSpecification\",\"valueRequired\":true,\"valueName\":\"search_term_string\"}}],\"inLanguage\":\"ca\"},{\"@type\":\"Organization\",\"@id\":\"https:\/\/www.santjosepesfoto.com\/#organization\",\"name\":\"Sant Josep Es Foto\",\"alternateName\":\"Festival de Fotograf\u00eda \u201cSant Josep \u00e9s Foto\u201d\",\"url\":\"https:\/\/www.santjosepesfoto.com\/\",\"logo\":{\"@type\":\"ImageObject\",\"inLanguage\":\"ca\",\"@id\":\"https:\/\/www.santjosepesfoto.com\/#\/schema\/logo\/image\/\",\"url\":\"https:\/\/www.santjosepesfoto.com\/wp-content\/uploads\/2024\/10\/logo.svg\",\"contentUrl\":\"https:\/\/www.santjosepesfoto.com\/wp-content\/uploads\/2024\/10\/logo.svg\",\"width\":1,\"height\":1,\"caption\":\"Sant Josep Es Foto\"},\"image\":{\"@id\":\"https:\/\/www.santjosepesfoto.com\/#\/schema\/logo\/image\/\"},\"sameAs\":[\"https:\/\/www.facebook.com\/profile.php?id=61567994520218\",\"https:\/\/x.com\/santjosepesfoto\",\"https:\/\/www.instagram.com\/santjosepesfoto\/\",\"https:\/\/www.tiktok.com\/@sant.josep.s.foto?_t=8r01b63xueu&_r=1\"]}]}<\/script>\n<!-- \/ Yoast SEO plugin. -->","yoast_head_json":{"title":"Pepe Ca\u00f1abate - Sant Josep Es Foto","robots":{"index":"index","follow":"follow","max-snippet":"max-snippet:-1","max-image-preview":"max-image-preview:large","max-video-preview":"max-video-preview:-1"},"canonical":"https:\/\/www.santjosepesfoto.com\/ca\/ponentes\/pepe-canabate\/","og_locale":"ca_ES","og_type":"article","og_title":"Pepe Ca\u00f1abate - Sant Josep Es Foto","og_description":"[vc_row type=&#8221;in_container&#8221; full_screen_row_position=&#8221;middle&#8221; column_margin=&#8221;default&#8221; column_direction=&#8221;default&#8221; column_direction_tablet=&#8221;default&#8221; column_direction_phone=&#8221;default&#8221; scene_position=&#8221;center&#8221; text_color=&#8221;dark&#8221; text_align=&#8221;left&#8221; row_border_radius=&#8221;none&#8221; row_border_radius_applies=&#8221;bg&#8221; overflow=&#8221;visible&#8221; id=&#8221;toppag&#8221; overlay_strength=&#8221;0.3&#8243; gradient_direction=&#8221;left_to_right&#8221; shape_divider_position=&#8221;bottom&#8221; bg_image_animation=&#8221;none&#8221; gradient_type=&#8221;default&#8221; shape_type=&#8221;&#8221;][vc_column column_padding=&#8221;no-extra-padding&#8221; column_padding_tablet=&#8221;inherit&#8221; column_padding_phone=&#8221;inherit&#8221; column_padding_position=&#8221;all&#8221; column_element_direction_desktop=&#8221;default&#8221; column_element_spacing=&#8221;default&#8221; desktop_text_alignment=&#8221;default&#8221; tablet_text_alignment=&#8221;default&#8221; phone_text_alignment=&#8221;default&#8221; background_color_opacity=&#8221;1&#8243;...","og_url":"https:\/\/www.santjosepesfoto.com\/ca\/ponentes\/pepe-canabate\/","og_site_name":"Sant Josep Es Foto","article_publisher":"https:\/\/www.facebook.com\/profile.php?id=61567994520218","article_modified_time":"2024-11-25T09:09:17+00:00","twitter_card":"summary_large_image","twitter_site":"@santjosepesfoto","twitter_misc":{"Temps estimat de lectura":"8 minuts"},"schema":{"@context":"https:\/\/schema.org","@graph":[{"@type":"WebPage","@id":"https:\/\/www.santjosepesfoto.com\/ca\/ponentes\/pepe-canabate\/","url":"https:\/\/www.santjosepesfoto.com\/ca\/ponentes\/pepe-canabate\/","name":"Pepe Ca\u00f1abate - Sant Josep Es Foto","isPartOf":{"@id":"https:\/\/www.santjosepesfoto.com\/#website"},"datePublished":"2024-11-25T09:02:39+00:00","dateModified":"2024-11-25T09:09:17+00:00","breadcrumb":{"@id":"https:\/\/www.santjosepesfoto.com\/ca\/ponentes\/pepe-canabate\/#breadcrumb"},"inLanguage":"ca","potentialAction":[{"@type":"ReadAction","target":["https:\/\/www.santjosepesfoto.com\/ca\/ponentes\/pepe-canabate\/"]}]},{"@type":"BreadcrumbList","@id":"https:\/\/www.santjosepesfoto.com\/ca\/ponentes\/pepe-canabate\/#breadcrumb","itemListElement":[{"@type":"ListItem","position":1,"name":"Portada","item":"https:\/\/www.santjosepesfoto.com\/ca\/"},{"@type":"ListItem","position":2,"name":"Ponents","item":"https:\/\/www.santjosepesfoto.com\/ca\/?page_id=640"},{"@type":"ListItem","position":3,"name":"Pepe Ca\u00f1abate"}]},{"@type":"WebSite","@id":"https:\/\/www.santjosepesfoto.com\/#website","url":"https:\/\/www.santjosepesfoto.com\/","name":"Sant Josep Es Foto","description":"","publisher":{"@id":"https:\/\/www.santjosepesfoto.com\/#organization"},"potentialAction":[{"@type":"SearchAction","target":{"@type":"EntryPoint","urlTemplate":"https:\/\/www.santjosepesfoto.com\/?s={search_term_string}"},"query-input":{"@type":"PropertyValueSpecification","valueRequired":true,"valueName":"search_term_string"}}],"inLanguage":"ca"},{"@type":"Organization","@id":"https:\/\/www.santjosepesfoto.com\/#organization","name":"Sant Josep Es Foto","alternateName":"Festival de Fotograf\u00eda \u201cSant Josep \u00e9s Foto\u201d","url":"https:\/\/www.santjosepesfoto.com\/","logo":{"@type":"ImageObject","inLanguage":"ca","@id":"https:\/\/www.santjosepesfoto.com\/#\/schema\/logo\/image\/","url":"https:\/\/www.santjosepesfoto.com\/wp-content\/uploads\/2024\/10\/logo.svg","contentUrl":"https:\/\/www.santjosepesfoto.com\/wp-content\/uploads\/2024\/10\/logo.svg","width":1,"height":1,"caption":"Sant Josep Es Foto"},"image":{"@id":"https:\/\/www.santjosepesfoto.com\/#\/schema\/logo\/image\/"},"sameAs":["https:\/\/www.facebook.com\/profile.php?id=61567994520218","https:\/\/x.com\/santjosepesfoto","https:\/\/www.instagram.com\/santjosepesfoto\/","https:\/\/www.tiktok.com\/@sant.josep.s.foto?_t=8r01b63xueu&_r=1"]}]}},"jetpack_sharing_enabled":true,"_links":{"self":[{"href":"https:\/\/www.santjosepesfoto.com\/ca\/wp-json\/wp\/v2\/pages\/660","targetHints":{"allow":["GET"]}}],"collection":[{"href":"https:\/\/www.santjosepesfoto.com\/ca\/wp-json\/wp\/v2\/pages"}],"about":[{"href":"https:\/\/www.santjosepesfoto.com\/ca\/wp-json\/wp\/v2\/types\/page"}],"author":[{"embeddable":true,"href":"https:\/\/www.santjosepesfoto.com\/ca\/wp-json\/wp\/v2\/users\/2"}],"replies":[{"embeddable":true,"href":"https:\/\/www.santjosepesfoto.com\/ca\/wp-json\/wp\/v2\/comments?post=660"}],"version-history":[{"count":1,"href":"https:\/\/www.santjosepesfoto.com\/ca\/wp-json\/wp\/v2\/pages\/660\/revisions"}],"predecessor-version":[{"id":661,"href":"https:\/\/www.santjosepesfoto.com\/ca\/wp-json\/wp\/v2\/pages\/660\/revisions\/661"}],"up":[{"embeddable":true,"href":"https:\/\/www.santjosepesfoto.com\/ca\/wp-json\/wp\/v2\/pages\/640"}],"wp:attachment":[{"href":"https:\/\/www.santjosepesfoto.com\/ca\/wp-json\/wp\/v2\/media?parent=660"}],"curies":[{"name":"wp","href":"https:\/\/api.w.org\/{rel}","templated":true}]}}