{"id":2746,"date":"2026-02-26T09:18:02","date_gmt":"2026-02-26T08:18:02","guid":{"rendered":"https:\/\/www.santjosepesfoto.com\/?page_id=2746"},"modified":"2026-02-26T11:08:22","modified_gmt":"2026-02-26T10:08:22","slug":"lluis-real","status":"publish","type":"page","link":"https:\/\/www.santjosepesfoto.com\/ca\/lluis-real\/","title":{"rendered":"Llu\u00eds Real CIRC + ANYWHERE"},"content":{"rendered":"[vc_row type=&#8221;in_container&#8221; full_screen_row_position=&#8221;middle&#8221; column_margin=&#8221;default&#8221; column_direction=&#8221;default&#8221; column_direction_tablet=&#8221;default&#8221; column_direction_phone=&#8221;default&#8221; scene_position=&#8221;center&#8221; text_color=&#8221;dark&#8221; text_align=&#8221;left&#8221; row_border_radius=&#8221;none&#8221; row_border_radius_applies=&#8221;bg&#8221; overflow=&#8221;visible&#8221; id=&#8221;toppag&#8221; overlay_strength=&#8221;0.3&#8243; gradient_direction=&#8221;left_to_right&#8221; shape_divider_position=&#8221;bottom&#8221; bg_image_animation=&#8221;none&#8221; gradient_type=&#8221;default&#8221; shape_type=&#8221;&#8221;][vc_column column_padding=&#8221;no-extra-padding&#8221; column_padding_tablet=&#8221;inherit&#8221; column_padding_phone=&#8221;inherit&#8221; column_padding_position=&#8221;all&#8221; column_element_direction_desktop=&#8221;default&#8221; column_element_spacing=&#8221;default&#8221; desktop_text_alignment=&#8221;default&#8221; tablet_text_alignment=&#8221;default&#8221; phone_text_alignment=&#8221;default&#8221; background_color_opacity=&#8221;1&#8243; background_hover_color_opacity=&#8221;1&#8243; column_backdrop_filter=&#8221;none&#8221; column_shadow=&#8221;none&#8221; column_border_radius=&#8221;none&#8221; column_link_target=&#8221;_self&#8221; column_position=&#8221;default&#8221; gradient_direction=&#8221;left_to_right&#8221; overlay_strength=&#8221;0.3&#8243; width=&#8221;1\/1&#8243; tablet_width_inherit=&#8221;default&#8221; animation_type=&#8221;default&#8221; bg_image_animation=&#8221;none&#8221; border_type=&#8221;advanced&#8221; border_bottom_desktop=&#8221;1&#8243; column_border_color=&#8221;#000000&#8243; column_border_style=&#8221;solid&#8221; column_padding_type=&#8221;default&#8221; gradient_type=&#8221;default&#8221;][vc_custom_heading source=&#8221;post_title&#8221; font_container=&#8221;tag:h1|text_align:left&#8221; use_theme_fonts=&#8221;yes&#8221; css=&#8221;&#8221;][vc_column_text css=&#8221;&#8221; text_direction=&#8221;default&#8221;]\n<h3 class=\"cvGsUA direction-ltr align-start para-style-body\"><span class=\"a_GcMg font-feature-liga-off font-feature-clig-off font-feature-calt-off text-decoration-none text-strikethrough-none\">Inauguraci\u00f3 27 de mar\u00e7<\/span><\/h3>\n<h3 class=\"cvGsUA direction-ltr align-start para-style-body\"><span class=\"a_GcMg font-feature-liga-off font-feature-clig-off font-feature-calt-off text-decoration-none text-strikethrough-none\">Del 27 de mar\u00e7 al 3 de maig 2026<\/span><\/h3>\n[\/vc_column_text][vc_custom_heading text=&#8221;Sala d\u00b4Exposicions Can Curt &#8211; Pla\u00e7a de l\u00b4esgl\u00e9sia. Sant Agust\u00ed des Vedr\u00e0<br \/>\nHorari de dijous a diumenge de 19h. a 21h.&#8221; use_theme_fonts=&#8221;yes&#8221; css=&#8221;&#8221;][\/vc_column][\/vc_row][vc_row type=&#8221;in_container&#8221; full_screen_row_position=&#8221;middle&#8221; column_margin=&#8221;default&#8221; column_direction=&#8221;default&#8221; column_direction_tablet=&#8221;default&#8221; column_direction_phone=&#8221;default&#8221; scene_position=&#8221;center&#8221; text_color=&#8221;dark&#8221; text_align=&#8221;left&#8221; row_border_radius=&#8221;none&#8221; row_border_radius_applies=&#8221;bg&#8221; overflow=&#8221;visible&#8221; overlay_strength=&#8221;0.3&#8243; gradient_direction=&#8221;left_to_right&#8221; shape_divider_position=&#8221;bottom&#8221; bg_image_animation=&#8221;none&#8221;][vc_column column_padding=&#8221;no-extra-padding&#8221; column_padding_tablet=&#8221;inherit&#8221; column_padding_phone=&#8221;inherit&#8221; column_padding_position=&#8221;all&#8221; column_element_direction_desktop=&#8221;default&#8221; column_element_spacing=&#8221;default&#8221; desktop_text_alignment=&#8221;default&#8221; tablet_text_alignment=&#8221;default&#8221; phone_text_alignment=&#8221;default&#8221; background_color_opacity=&#8221;1&#8243; background_hover_color_opacity=&#8221;1&#8243; column_backdrop_filter=&#8221;none&#8221; column_shadow=&#8221;none&#8221; column_border_radius=&#8221;none&#8221; column_link_target=&#8221;_self&#8221; column_position=&#8221;default&#8221; gradient_direction=&#8221;left_to_right&#8221; overlay_strength=&#8221;0.3&#8243; width=&#8221;1\/1&#8243; tablet_width_inherit=&#8221;default&#8221; animation_type=&#8221;default&#8221; bg_image_animation=&#8221;none&#8221; border_type=&#8221;simple&#8221; column_border_width=&#8221;none&#8221; column_border_style=&#8221;solid&#8221;][vc_column_text css=&#8221;&#8221; text_direction=&#8221;default&#8221;]Llu\u00eds Real s&#8217;acosta al Circ Raluy des d&#8217;una mirada documental i propera: no fotografia l&#8217;espectacle com un n\u00famero, sin\u00f3 com una forma de vida. Aquesta s\u00e8rie, <strong>Circ<\/strong> , forma part del projecte expositiu <strong>La Fugacitat de la Mirada<\/strong> . El circ apareix com un territori m\u00f2bil, fet d&#8217;espera, feina i vincles; un patrimoni viu que viatja amb els carromats, la mem\u00f2ria i l&#8217;est\u00e8tica d&#8217;\u00e8poca.[\/vc_column_text][vc_column_text css=&#8221;&#8221; text_direction=&#8221;default&#8221;]Al costat d&#8217;aquestes imatges, <strong>Anywhere<\/strong> reuneix fotografies \u00edntimes fetes a qualsevol lloc, petites troballes del dia a dia que porten el segell personal de l&#8217;autor: atenci\u00f3 al gest, a la llum i al que passa en un instant.<\/p>\n<p>Entre la carpa i el que \u00e9s quotidi\u00e0, Real construeix un relat on l&#8217;important no \u00e9s el grandi\u00f3s, sin\u00f3 la proximitat: l&#8217;emoci\u00f3 discreta del que \u00e9s viscut i la bellesa real del que, per un moment, es deixa veure.[\/vc_column_text][vc_column_text css=&#8221;&#8221; text_direction=&#8221;default&#8221;]<strong>Sobre el Fot\u00f2graf:<\/strong>[\/vc_column_text][vc_row_inner column_margin=&#8221;default&#8221; column_direction=&#8221;default&#8221; column_direction_tablet=&#8221;default&#8221; column_direction_phone=&#8221;default&#8221; text_align=&#8221;left&#8221; row_position=&#8221;default&#8221; row_position_tablet=&#8221;inherit&#8221; row_position_phone=&#8221;inherit&#8221; overflow=&#8221;visible&#8221; pointer_events=&#8221;all&#8221; class=&#8221;lineabio&#8221;][vc_column_inner column_padding=&#8221;no-extra-padding&#8221; column_padding_tablet=&#8221;inherit&#8221; column_padding_phone=&#8221;inherit&#8221; column_padding_position=&#8221;all&#8221; column_element_direction_desktop=&#8221;default&#8221; column_element_spacing=&#8221;default&#8221; desktop_text_alignment=&#8221;default&#8221; tablet_text_alignment=&#8221;default&#8221; phone_text_alignment=&#8221;default&#8221; background_color_opacity=&#8221;1&#8243; background_hover_color_opacity=&#8221;1&#8243; column_backdrop_filter=&#8221;none&#8221; column_shadow=&#8221;none&#8221; column_border_radius=&#8221;none&#8221; column_link_target=&#8221;_self&#8221; overflow=&#8221;visible&#8221; gradient_direction=&#8221;left_to_right&#8221; overlay_strength=&#8221;0.3&#8243; width=&#8221;2\/3&#8243; tablet_width_inherit=&#8221;small_desktop&#8221; animation_type=&#8221;default&#8221; bg_image_animation=&#8221;none&#8221; border_type=&#8221;simple&#8221; column_border_width=&#8221;none&#8221; column_border_style=&#8221;solid&#8221; column_padding_type=&#8221;default&#8221; gradient_type=&#8221;default&#8221;][vc_column_text css=&#8221;&#8221; text_direction=&#8221;default&#8221;]Llu\u00eds Real (Ma\u00f3, Menorca, 1948) es forma a Londres, on cursa estudis de fotografia a l&#8217;Ealing Technical College, School of Art (1969\u20131974). Fa el salt a la capital brit\u00e0nica despr\u00e9s de ser adm\u00e8s amb un treball centrat a l&#8217;antic escorxador de Ma\u00f3, un reportatge decisiu en la seva traject\u00f2ria. En aquella etapa participa en exposicions i col\u00b7labora com a <em>free-lance<\/em> en treballs de reportatge social a Londres. De tornada a Menorca, despr\u00e9s d&#8217;un par\u00e8ntesi lligat a l&#8217;agricultura, repr\u00e8n la fotografia de manera plena: obre el propi estudi i combina enc\u00e0rrecs editorials amb una pr\u00e0ctica personal sostinguda en el temps. Ha participat en exposicions individuals i col\u00b7lectives a Espanya ia l&#8217;estranger, i la seva obra \u00e9s present a col\u00b7leccions p\u00fabliques i privades.<br \/>\nEn anys recents, el seu treball s&#8217;ha revisitat en projectes expositius com <em>La fugacitat de la mirada<\/em> i en l&#8217;\u00e0mbit editorial amb fotollibres d&#8217;autor com <em>Any Amount of Dreams<\/em> i <em>Cartes a la mar<\/em> , presentats al marc del Menorca Doc Fest. Actualment es dedica principalment a la fotografia personal.[\/vc_column_text][\/vc_column_inner][vc_column_inner column_padding=&#8221;no-extra-padding&#8221; column_padding_tablet=&#8221;inherit&#8221; column_padding_phone=&#8221;inherit&#8221; column_padding_position=&#8221;all&#8221; column_element_direction_desktop=&#8221;default&#8221; column_element_spacing=&#8221;default&#8221; desktop_text_alignment=&#8221;default&#8221; tablet_text_alignment=&#8221;default&#8221; phone_text_alignment=&#8221;default&#8221; background_color_opacity=&#8221;1&#8243; background_hover_color_opacity=&#8221;1&#8243; column_backdrop_filter=&#8221;none&#8221; column_shadow=&#8221;none&#8221; column_border_radius=&#8221;none&#8221; column_link_target=&#8221;_self&#8221; overflow=&#8221;visible&#8221; gradient_direction=&#8221;left_to_right&#8221; overlay_strength=&#8221;0.3&#8243; width=&#8221;1\/3&#8243; tablet_width_inherit=&#8221;small_desktop&#8221; animation_type=&#8221;default&#8221; bg_image_animation=&#8221;none&#8221; border_type=&#8221;simple&#8221; column_border_width=&#8221;none&#8221; column_border_style=&#8221;solid&#8221; column_padding_type=&#8221;default&#8221; gradient_type=&#8221;default&#8221;][image_with_animation image_url=&#8221;2707&#8243; image_size=&#8221;full&#8221; animation_type=&#8221;entrance&#8221; animation=&#8221;None&#8221; animation_movement_type=&#8221;transform_y&#8221; hover_animation=&#8221;none&#8221; alignment=&#8221;&#8221; border_radius=&#8221;none&#8221; box_shadow=&#8221;none&#8221; image_loading=&#8221;default&#8221; max_width=&#8221;100%&#8221; max_width_mobile=&#8221;default&#8221;][\/vc_column_inner][\/vc_row_inner][\/vc_column][\/vc_row][vc_row type=&#8221;in_container&#8221; full_screen_row_position=&#8221;middle&#8221; column_margin=&#8221;default&#8221; column_direction=&#8221;default&#8221; column_direction_tablet=&#8221;default&#8221; column_direction_phone=&#8221;default&#8221; scene_position=&#8221;center&#8221; text_color=&#8221;dark&#8221; text_align=&#8221;left&#8221; row_border_radius=&#8221;none&#8221; row_border_radius_applies=&#8221;bg&#8221; overflow=&#8221;visible&#8221; overlay_strength=&#8221;0.3&#8243; gradient_direction=&#8221;left_to_right&#8221; shape_divider_position=&#8221;bottom&#8221; bg_image_animation=&#8221;none&#8221;][vc_column column_padding=&#8221;no-extra-padding&#8221; column_padding_tablet=&#8221;inherit&#8221; column_padding_phone=&#8221;inherit&#8221; column_padding_position=&#8221;all&#8221; column_element_direction_desktop=&#8221;default&#8221; column_element_spacing=&#8221;default&#8221; desktop_text_alignment=&#8221;default&#8221; tablet_text_alignment=&#8221;default&#8221; phone_text_alignment=&#8221;default&#8221; background_color_opacity=&#8221;1&#8243; background_hover_color_opacity=&#8221;1&#8243; column_backdrop_filter=&#8221;none&#8221; column_shadow=&#8221;none&#8221; column_border_radius=&#8221;none&#8221; column_link_target=&#8221;_self&#8221; column_position=&#8221;default&#8221; gradient_direction=&#8221;left_to_right&#8221; overlay_strength=&#8221;0.3&#8243; width=&#8221;1\/1&#8243; tablet_width_inherit=&#8221;default&#8221; animation_type=&#8221;default&#8221; bg_image_animation=&#8221;none&#8221; border_type=&#8221;simple&#8221; column_border_width=&#8221;none&#8221; column_border_style=&#8221;solid&#8221;][vc_gallery css=&#8221;&#8221; type=&#8221;image_grid&#8221; images=&#8221;2730,2715,2718,2721,2733&#8243; image_grid_loading=&#8221;default&#8221; layout=&#8221;3&#8243; item_spacing=&#8221;default&#8221; gallery_style=&#8221;7&#8243; load_in_animation=&#8221;none&#8221; img_size=&#8221;full&#8221;][\/vc_column][\/vc_row]\n","protected":false},"excerpt":{"rendered":"<p>[vc_row type=&#8221;in_container&#8221; full_screen_row_position=&#8221;middle&#8221; column_margin=&#8221;default&#8221; column_direction=&#8221;default&#8221; column_direction_tablet=&#8221;default&#8221; column_direction_phone=&#8221;default&#8221; scene_position=&#8221;center&#8221; text_color=&#8221;dark&#8221; text_align=&#8221;left&#8221; row_border_radius=&#8221;none&#8221; row_border_radius_applies=&#8221;bg&#8221; overflow=&#8221;visible&#8221; id=&#8221;toppag&#8221; overlay_strength=&#8221;0.3&#8243; gradient_direction=&#8221;left_to_right&#8221; shape_divider_position=&#8221;bottom&#8221; bg_image_animation=&#8221;none&#8221; gradient_type=&#8221;default&#8221; shape_type=&#8221;&#8221;][vc_column column_padding=&#8221;no-extra-padding&#8221; column_padding_tablet=&#8221;inherit&#8221; column_padding_phone=&#8221;inherit&#8221; column_padding_position=&#8221;all&#8221; column_element_direction_desktop=&#8221;default&#8221; column_element_spacing=&#8221;default&#8221; desktop_text_alignment=&#8221;default&#8221; tablet_text_alignment=&#8221;default&#8221; phone_text_alignment=&#8221;default&#8221; background_color_opacity=&#8221;1&#8243;&#8230;<\/p>\n","protected":false},"author":2,"featured_media":0,"parent":0,"menu_order":0,"comment_status":"closed","ping_status":"closed","template":"","meta":{"footnotes":""},"class_list":["post-2746","page","type-page","status-publish"],"yoast_head":"<!-- This site is optimized with the Yoast SEO plugin v26.5 - https:\/\/yoast.com\/wordpress\/plugins\/seo\/ -->\n<title>Llu\u00eds Real CIRC + ANYWHERE - Sant Josep Es Foto<\/title>\n<meta name=\"robots\" content=\"index, follow, max-snippet:-1, max-image-preview:large, max-video-preview:-1\" \/>\n<link rel=\"canonical\" href=\"https:\/\/www.santjosepesfoto.com\/ca\/lluis-real\/\" \/>\n<meta property=\"og:locale\" content=\"ca_ES\" \/>\n<meta property=\"og:type\" content=\"article\" \/>\n<meta property=\"og:title\" content=\"Llu\u00eds Real CIRC + ANYWHERE - Sant Josep Es Foto\" \/>\n<meta property=\"og:description\" content=\"[vc_row type=&#8221;in_container&#8221; full_screen_row_position=&#8221;middle&#8221; column_margin=&#8221;default&#8221; column_direction=&#8221;default&#8221; column_direction_tablet=&#8221;default&#8221; column_direction_phone=&#8221;default&#8221; scene_position=&#8221;center&#8221; text_color=&#8221;dark&#8221; text_align=&#8221;left&#8221; row_border_radius=&#8221;none&#8221; row_border_radius_applies=&#8221;bg&#8221; overflow=&#8221;visible&#8221; id=&#8221;toppag&#8221; overlay_strength=&#8221;0.3&#8243; gradient_direction=&#8221;left_to_right&#8221; shape_divider_position=&#8221;bottom&#8221; bg_image_animation=&#8221;none&#8221; gradient_type=&#8221;default&#8221; shape_type=&#8221;&#8221;][vc_column column_padding=&#8221;no-extra-padding&#8221; column_padding_tablet=&#8221;inherit&#8221; column_padding_phone=&#8221;inherit&#8221; column_padding_position=&#8221;all&#8221; column_element_direction_desktop=&#8221;default&#8221; column_element_spacing=&#8221;default&#8221; desktop_text_alignment=&#8221;default&#8221; tablet_text_alignment=&#8221;default&#8221; phone_text_alignment=&#8221;default&#8221; background_color_opacity=&#8221;1&#8243;...\" \/>\n<meta property=\"og:url\" content=\"https:\/\/www.santjosepesfoto.com\/ca\/lluis-real\/\" \/>\n<meta property=\"og:site_name\" content=\"Sant Josep Es Foto\" \/>\n<meta property=\"article:publisher\" content=\"https:\/\/www.facebook.com\/profile.php?id=61567994520218\" \/>\n<meta property=\"article:modified_time\" content=\"2026-02-26T10:08:22+00:00\" \/>\n<meta name=\"twitter:card\" content=\"summary_large_image\" \/>\n<meta name=\"twitter:site\" content=\"@santjosepesfoto\" \/>\n<meta name=\"twitter:label1\" content=\"Temps estimat de lectura\" \/>\n\t<meta name=\"twitter:data1\" content=\"2 minuts\" \/>\n<script type=\"application\/ld+json\" class=\"yoast-schema-graph\">{\"@context\":\"https:\/\/schema.org\",\"@graph\":[{\"@type\":\"WebPage\",\"@id\":\"https:\/\/www.santjosepesfoto.com\/ca\/lluis-real\/\",\"url\":\"https:\/\/www.santjosepesfoto.com\/ca\/lluis-real\/\",\"name\":\"Llu\u00eds Real CIRC + ANYWHERE - Sant Josep Es Foto\",\"isPartOf\":{\"@id\":\"https:\/\/www.santjosepesfoto.com\/#website\"},\"datePublished\":\"2026-02-26T08:18:02+00:00\",\"dateModified\":\"2026-02-26T10:08:22+00:00\",\"breadcrumb\":{\"@id\":\"https:\/\/www.santjosepesfoto.com\/ca\/lluis-real\/#breadcrumb\"},\"inLanguage\":\"ca\",\"potentialAction\":[{\"@type\":\"ReadAction\",\"target\":[\"https:\/\/www.santjosepesfoto.com\/ca\/lluis-real\/\"]}]},{\"@type\":\"BreadcrumbList\",\"@id\":\"https:\/\/www.santjosepesfoto.com\/ca\/lluis-real\/#breadcrumb\",\"itemListElement\":[{\"@type\":\"ListItem\",\"position\":1,\"name\":\"Portada\",\"item\":\"https:\/\/www.santjosepesfoto.com\/ca\/\"},{\"@type\":\"ListItem\",\"position\":2,\"name\":\"Llu\u00eds Real CIRC + ANYWHERE\"}]},{\"@type\":\"WebSite\",\"@id\":\"https:\/\/www.santjosepesfoto.com\/#website\",\"url\":\"https:\/\/www.santjosepesfoto.com\/\",\"name\":\"Sant Josep Es Foto\",\"description\":\"\",\"publisher\":{\"@id\":\"https:\/\/www.santjosepesfoto.com\/#organization\"},\"potentialAction\":[{\"@type\":\"SearchAction\",\"target\":{\"@type\":\"EntryPoint\",\"urlTemplate\":\"https:\/\/www.santjosepesfoto.com\/?s={search_term_string}\"},\"query-input\":{\"@type\":\"PropertyValueSpecification\",\"valueRequired\":true,\"valueName\":\"search_term_string\"}}],\"inLanguage\":\"ca\"},{\"@type\":\"Organization\",\"@id\":\"https:\/\/www.santjosepesfoto.com\/#organization\",\"name\":\"Sant Josep Es Foto\",\"alternateName\":\"Festival de Fotograf\u00eda \u201cSant Josep \u00e9s Foto\u201d\",\"url\":\"https:\/\/www.santjosepesfoto.com\/\",\"logo\":{\"@type\":\"ImageObject\",\"inLanguage\":\"ca\",\"@id\":\"https:\/\/www.santjosepesfoto.com\/#\/schema\/logo\/image\/\",\"url\":\"https:\/\/www.santjosepesfoto.com\/wp-content\/uploads\/2024\/10\/logo.svg\",\"contentUrl\":\"https:\/\/www.santjosepesfoto.com\/wp-content\/uploads\/2024\/10\/logo.svg\",\"width\":1,\"height\":1,\"caption\":\"Sant Josep Es Foto\"},\"image\":{\"@id\":\"https:\/\/www.santjosepesfoto.com\/#\/schema\/logo\/image\/\"},\"sameAs\":[\"https:\/\/www.facebook.com\/profile.php?id=61567994520218\",\"https:\/\/x.com\/santjosepesfoto\",\"https:\/\/www.instagram.com\/santjosepesfoto\/\",\"https:\/\/www.tiktok.com\/@sant.josep.s.foto?_t=8r01b63xueu&_r=1\"]}]}<\/script>\n<!-- \/ Yoast SEO plugin. -->","yoast_head_json":{"title":"Llu\u00eds Real CIRC + ANYWHERE - Sant Josep Es Foto","robots":{"index":"index","follow":"follow","max-snippet":"max-snippet:-1","max-image-preview":"max-image-preview:large","max-video-preview":"max-video-preview:-1"},"canonical":"https:\/\/www.santjosepesfoto.com\/ca\/lluis-real\/","og_locale":"ca_ES","og_type":"article","og_title":"Llu\u00eds Real CIRC + ANYWHERE - Sant Josep Es Foto","og_description":"[vc_row type=&#8221;in_container&#8221; full_screen_row_position=&#8221;middle&#8221; column_margin=&#8221;default&#8221; column_direction=&#8221;default&#8221; column_direction_tablet=&#8221;default&#8221; column_direction_phone=&#8221;default&#8221; scene_position=&#8221;center&#8221; text_color=&#8221;dark&#8221; text_align=&#8221;left&#8221; row_border_radius=&#8221;none&#8221; row_border_radius_applies=&#8221;bg&#8221; overflow=&#8221;visible&#8221; id=&#8221;toppag&#8221; overlay_strength=&#8221;0.3&#8243; gradient_direction=&#8221;left_to_right&#8221; shape_divider_position=&#8221;bottom&#8221; bg_image_animation=&#8221;none&#8221; gradient_type=&#8221;default&#8221; shape_type=&#8221;&#8221;][vc_column column_padding=&#8221;no-extra-padding&#8221; column_padding_tablet=&#8221;inherit&#8221; column_padding_phone=&#8221;inherit&#8221; column_padding_position=&#8221;all&#8221; column_element_direction_desktop=&#8221;default&#8221; column_element_spacing=&#8221;default&#8221; desktop_text_alignment=&#8221;default&#8221; tablet_text_alignment=&#8221;default&#8221; phone_text_alignment=&#8221;default&#8221; background_color_opacity=&#8221;1&#8243;...","og_url":"https:\/\/www.santjosepesfoto.com\/ca\/lluis-real\/","og_site_name":"Sant Josep Es Foto","article_publisher":"https:\/\/www.facebook.com\/profile.php?id=61567994520218","article_modified_time":"2026-02-26T10:08:22+00:00","twitter_card":"summary_large_image","twitter_site":"@santjosepesfoto","twitter_misc":{"Temps estimat de lectura":"2 minuts"},"schema":{"@context":"https:\/\/schema.org","@graph":[{"@type":"WebPage","@id":"https:\/\/www.santjosepesfoto.com\/ca\/lluis-real\/","url":"https:\/\/www.santjosepesfoto.com\/ca\/lluis-real\/","name":"Llu\u00eds Real CIRC + ANYWHERE - Sant Josep Es Foto","isPartOf":{"@id":"https:\/\/www.santjosepesfoto.com\/#website"},"datePublished":"2026-02-26T08:18:02+00:00","dateModified":"2026-02-26T10:08:22+00:00","breadcrumb":{"@id":"https:\/\/www.santjosepesfoto.com\/ca\/lluis-real\/#breadcrumb"},"inLanguage":"ca","potentialAction":[{"@type":"ReadAction","target":["https:\/\/www.santjosepesfoto.com\/ca\/lluis-real\/"]}]},{"@type":"BreadcrumbList","@id":"https:\/\/www.santjosepesfoto.com\/ca\/lluis-real\/#breadcrumb","itemListElement":[{"@type":"ListItem","position":1,"name":"Portada","item":"https:\/\/www.santjosepesfoto.com\/ca\/"},{"@type":"ListItem","position":2,"name":"Llu\u00eds Real CIRC + ANYWHERE"}]},{"@type":"WebSite","@id":"https:\/\/www.santjosepesfoto.com\/#website","url":"https:\/\/www.santjosepesfoto.com\/","name":"Sant Josep Es Foto","description":"","publisher":{"@id":"https:\/\/www.santjosepesfoto.com\/#organization"},"potentialAction":[{"@type":"SearchAction","target":{"@type":"EntryPoint","urlTemplate":"https:\/\/www.santjosepesfoto.com\/?s={search_term_string}"},"query-input":{"@type":"PropertyValueSpecification","valueRequired":true,"valueName":"search_term_string"}}],"inLanguage":"ca"},{"@type":"Organization","@id":"https:\/\/www.santjosepesfoto.com\/#organization","name":"Sant Josep Es Foto","alternateName":"Festival de Fotograf\u00eda \u201cSant Josep \u00e9s Foto\u201d","url":"https:\/\/www.santjosepesfoto.com\/","logo":{"@type":"ImageObject","inLanguage":"ca","@id":"https:\/\/www.santjosepesfoto.com\/#\/schema\/logo\/image\/","url":"https:\/\/www.santjosepesfoto.com\/wp-content\/uploads\/2024\/10\/logo.svg","contentUrl":"https:\/\/www.santjosepesfoto.com\/wp-content\/uploads\/2024\/10\/logo.svg","width":1,"height":1,"caption":"Sant Josep Es Foto"},"image":{"@id":"https:\/\/www.santjosepesfoto.com\/#\/schema\/logo\/image\/"},"sameAs":["https:\/\/www.facebook.com\/profile.php?id=61567994520218","https:\/\/x.com\/santjosepesfoto","https:\/\/www.instagram.com\/santjosepesfoto\/","https:\/\/www.tiktok.com\/@sant.josep.s.foto?_t=8r01b63xueu&_r=1"]}]}},"jetpack_sharing_enabled":true,"_links":{"self":[{"href":"https:\/\/www.santjosepesfoto.com\/ca\/wp-json\/wp\/v2\/pages\/2746","targetHints":{"allow":["GET"]}}],"collection":[{"href":"https:\/\/www.santjosepesfoto.com\/ca\/wp-json\/wp\/v2\/pages"}],"about":[{"href":"https:\/\/www.santjosepesfoto.com\/ca\/wp-json\/wp\/v2\/types\/page"}],"author":[{"embeddable":true,"href":"https:\/\/www.santjosepesfoto.com\/ca\/wp-json\/wp\/v2\/users\/2"}],"replies":[{"embeddable":true,"href":"https:\/\/www.santjosepesfoto.com\/ca\/wp-json\/wp\/v2\/comments?post=2746"}],"version-history":[{"count":4,"href":"https:\/\/www.santjosepesfoto.com\/ca\/wp-json\/wp\/v2\/pages\/2746\/revisions"}],"predecessor-version":[{"id":2778,"href":"https:\/\/www.santjosepesfoto.com\/ca\/wp-json\/wp\/v2\/pages\/2746\/revisions\/2778"}],"wp:attachment":[{"href":"https:\/\/www.santjosepesfoto.com\/ca\/wp-json\/wp\/v2\/media?parent=2746"}],"curies":[{"name":"wp","href":"https:\/\/api.w.org\/{rel}","templated":true}]}}